{"id":559,"date":"2025-11-11T15:39:26","date_gmt":"2025-11-11T18:39:26","guid":{"rendered":"https:\/\/ceepcuritiba.com.br\/novo\/?page_id=559"},"modified":"2025-11-11T15:39:28","modified_gmt":"2025-11-11T18:39:28","slug":"resultado-2026","status":"publish","type":"page","link":"https:\/\/ceepcuritiba.com.br\/novo\/?page_id=559","title":{"rendered":"RESULTADO &#8211; 2026"},"content":{"rendered":"\n<p>A Secretaria de Educa\u00e7\u00e3o \u00e9 a respons\u00e1vel por divulgar o resultado do processo classificat\u00f3rio de 2026.<\/p>\n\n\n\n<p><strong>BIOTECNOLOGIA<\/strong> &#8211; Formaram 2 turmas &#8211; Respons\u00e1vel ir\u00e1 receber o resultado por email, caso venha escrito no email &#8220;<strong>confirmo a matr\u00edcula na Institui\u00e7\u00e3o de Ensino CENTRO EST EDUC PROFIS DE CURITIBA<\/strong>&#8221; a matr\u00edcula para 2026 est\u00e1 confirmada no CEEP Curitiba.<\/p>\n\n\n\n<p><strong>DESENVOLVIMENTO DE SISTEMAS<\/strong> &#8211; Formou apenas 1 turma &#8211; Respons\u00e1vel ir\u00e1 receber o resultado por email, caso venha escrito no email &#8220;<strong>confirmo a matr\u00edcula na Institui\u00e7\u00e3o de Ensino CENTRO EST EDUC PROFIS DE CURITIBA<\/strong>&#8221; a matr\u00edcula para 2026 est\u00e1 confirmada no CEEP Curitiba, caso n\u00e3o receba email ter\u00e1 que aguardar at\u00e9 dezembro para formar a turma 2.<\/p>\n\n\n\n<p><strong>EDIFICA\u00c7\u00d5ES<\/strong> &#8211; N\u00e3o formou turma, dever\u00e1 aguardar at\u00e9 dezembro para formar turma.<\/p>\n\n\n\n<p><strong>ELETROMEC\u00c2NICA<\/strong> &#8211; N\u00e3o formou turma, dever\u00e1 aguardar at\u00e9 dezembro para formar turma.<\/p>\n\n\n\n<p><strong>ELETR\u00d4NICA<\/strong> &#8211; N\u00e3o formou turma, dever\u00e1 aguardar at\u00e9 dezembro para formar turma.<\/p>\n\n\n\n<p><strong>FARM\u00c1CIA<\/strong> &#8211; N\u00e3o formou turma, dever\u00e1 aguardar at\u00e9 dezembro para formar turma.<\/p>\n\n\n\n<p><strong>MANUTEN\u00c7\u00c3O AUTOMOTIVA<\/strong> &#8211; N\u00e3o formou turma, dever\u00e1 aguardar at\u00e9 dezembro para formar turma.<\/p>\n\n\n\n<p><strong>MEC\u00c2NICA<\/strong> &#8211; Formou 1 turma &#8211; Respons\u00e1vel ir\u00e1 receber o resultado por email, caso venha escrito no email &#8220;<strong>confirmo a matr\u00edcula na Institui\u00e7\u00e3o de Ensino CENTRO EST EDUC PROFIS DE CURITIBA<\/strong>&#8221; a matr\u00edcula para 2026 est\u00e1 confirmada no CEEP Curitiba.<\/p>\n\n\n\n<p><strong>MAIO AMBIENTE<\/strong> &#8211; N\u00e3o formou turma, dever\u00e1 aguardar at\u00e9 dezembro para formar turma.<\/p>\n\n\n\n<p><strong>PROGRAMA\u00c7\u00c3O DE JOGOS DIGITAIS<\/strong> &#8211; N\u00e3o formou turma, dever\u00e1 aguardar at\u00e9 dezembro para formar turma.<\/p>\n\n\n\n<p><strong>QU\u00cdMICA<\/strong> &#8211; Formou 1 turma &#8211; Respons\u00e1vel ir\u00e1 receber o resultado por email, caso venha escrito no email &#8220;<strong>confirmo a matr\u00edcula na Institui\u00e7\u00e3o de Ensino CENTRO EST EDUC PROFIS DE CURITIB<\/strong>A&#8221; a matr\u00edcula para 2026 est\u00e1 confirmada no CEEP Curitiba.<\/p>\n\n\n\n<p>Caso o aluno queira mudar de curso ou de escola dever\u00e1 entrar na \u00e1rea do aluno de 01\/12\/2025 a 11\/12\/2025 para realizar a mudan\u00e7a (nova inscri\u00e7\u00e3o).<\/p>\n","protected":false},"excerpt":{"rendered":"<p>A Secretaria de Educa\u00e7\u00e3o \u00e9 a respons\u00e1vel por divulgar o resultado do processo classificat\u00f3rio de 2026. BIOTECNOLOGIA &#8211; Formaram 2 turmas &#8211; Respons\u00e1vel ir\u00e1 receber o resultado por email, caso venha escrito no email &#8220;confirmo a matr\u00edcula na Institui\u00e7\u00e3o de Ensino CENTRO EST EDUC PROFIS DE CURITIBA&#8221; a matr\u00edcula para 2026 est\u00e1 confirmada no CEEP [&hellip;]<\/p>\n","protected":false},"author":2,"featured_media":0,"parent":0,"menu_order":0,"comment_status":"closed","ping_status":"closed","template":"","meta":{"footnotes":""},"class_list":["post-559","page","type-page","status-publish","hentry"],"_links":{"self":[{"href":"https:\/\/ceepcuritiba.com.br\/novo\/index.php?rest_route=\/wp\/v2\/pages\/559"}],"collection":[{"href":"https:\/\/ceepcuritiba.com.br\/novo\/index.php?rest_route=\/wp\/v2\/pages"}],"about":[{"href":"https:\/\/ceepcuritiba.com.br\/novo\/index.php?rest_route=\/wp\/v2\/types\/page"}],"author":[{"embeddable":true,"href":"https:\/\/ceepcuritiba.com.br\/novo\/index.php?rest_route=\/wp\/v2\/users\/2"}],"replies":[{"embeddable":true,"href":"https:\/\/ceepcuritiba.com.br\/novo\/index.php?rest_route=%2Fwp%2Fv2%2Fcomments&post=559"}],"version-history":[{"count":1,"href":"https:\/\/ceepcuritiba.com.br\/novo\/index.php?rest_route=\/wp\/v2\/pages\/559\/revisions"}],"predecessor-version":[{"id":560,"href":"https:\/\/ceepcuritiba.com.br\/novo\/index.php?rest_route=\/wp\/v2\/pages\/559\/revisions\/560"}],"wp:attachment":[{"href":"https:\/\/ceepcuritiba.com.br\/novo\/index.php?rest_route=%2Fwp%2Fv2%2Fmedia&parent=559"}],"curies":[{"name":"wp","href":"https:\/\/api.w.org\/{rel}","templated":true}]}}