{"id":415,"date":"2025-05-23T11:00:16","date_gmt":"2025-05-23T14:00:16","guid":{"rendered":"https:\/\/ceepcuritiba.com.br\/novo\/?page_id=415"},"modified":"2025-06-18T09:47:19","modified_gmt":"2025-06-18T12:47:19","slug":"inscricao-tecnico-em-mecanica-2025-2o-semestre","status":"publish","type":"page","link":"https:\/\/ceepcuritiba.com.br\/novo\/?page_id=415","title":{"rendered":"INSCRI\u00c7\u00c3O &#8211; T\u00c9CNICO EM MEC\u00c2NICA &#8211; SUBSEQUENTE &#8211; NOITE &#8211; 2\u00ba SEMESTRE &#8211; 2025"},"content":{"rendered":"\n<p><\/p>\n\n\n\n<p><\/p>\n\n\n\n<p><\/p>\n\n\n\n<p><\/p>\n\n\n\n<p>A Secretaria da Educa\u00e7\u00e3o do Paran\u00e1 autorizou a oferta de nova turma, para ingresso no 2\u00ba semestre letivo de 2025, apenas para o curso T\u00e9cnico em Mec\u00e2nica &#8211; Subsequente, portanto, a inscri\u00e7\u00e3o ser\u00e1 exclusivamente para este curso.<\/p>\n\n\n\n<p>SUBSEQUENTE &#8211; Requisito: Ensino M\u00e9dio COMPLETO<\/p>\n\n\n\n<p class=\"has-text-align-center has-vivid-red-color has-text-color has-link-color has-x-large-font-size wp-elements-f5a1f6937eb72122942d86b77c810b6a\"><strong>INSCRI\u00c7\u00c3O AT\u00c9 17\/06\/2025<\/strong> <\/p>\n\n\n<div class=\"wp-block-image\">\n<figure class=\"aligncenter size-full\"><a href=\"https:\/\/forms.gle\/WbtpMqm6MsNhRgBz5\"><img loading=\"lazy\" decoding=\"async\" width=\"475\" height=\"177\" src=\"https:\/\/ceepcuritiba.com.br\/novo\/wp-content\/uploads\/2025\/05\/CLIQUE-AQUI-1.jpg\" alt=\"\" class=\"wp-image-419\" srcset=\"https:\/\/ceepcuritiba.com.br\/novo\/wp-content\/uploads\/2025\/05\/CLIQUE-AQUI-1.jpg 475w, https:\/\/ceepcuritiba.com.br\/novo\/wp-content\/uploads\/2025\/05\/CLIQUE-AQUI-1-300x112.jpg 300w\" sizes=\"(max-width: 475px) 100vw, 475px\" \/><\/a><\/figure><\/div>","protected":false},"excerpt":{"rendered":"<p>A Secretaria da Educa\u00e7\u00e3o do Paran\u00e1 autorizou a oferta de nova turma, para ingresso no 2\u00ba semestre letivo de 2025, apenas para o curso T\u00e9cnico em Mec\u00e2nica &#8211; Subsequente, portanto, a inscri\u00e7\u00e3o ser\u00e1 exclusivamente para este curso. SUBSEQUENTE &#8211; Requisito: Ensino M\u00e9dio COMPLETO INSCRI\u00c7\u00c3O AT\u00c9 17\/06\/2025<\/p>\n","protected":false},"author":2,"featured_media":0,"parent":0,"menu_order":0,"comment_status":"closed","ping_status":"closed","template":"","meta":{"footnotes":""},"class_list":["post-415","page","type-page","status-publish","hentry"],"_links":{"self":[{"href":"https:\/\/ceepcuritiba.com.br\/novo\/index.php?rest_route=\/wp\/v2\/pages\/415"}],"collection":[{"href":"https:\/\/ceepcuritiba.com.br\/novo\/index.php?rest_route=\/wp\/v2\/pages"}],"about":[{"href":"https:\/\/ceepcuritiba.com.br\/novo\/index.php?rest_route=\/wp\/v2\/types\/page"}],"author":[{"embeddable":true,"href":"https:\/\/ceepcuritiba.com.br\/novo\/index.php?rest_route=\/wp\/v2\/users\/2"}],"replies":[{"embeddable":true,"href":"https:\/\/ceepcuritiba.com.br\/novo\/index.php?rest_route=%2Fwp%2Fv2%2Fcomments&post=415"}],"version-history":[{"count":7,"href":"https:\/\/ceepcuritiba.com.br\/novo\/index.php?rest_route=\/wp\/v2\/pages\/415\/revisions"}],"predecessor-version":[{"id":479,"href":"https:\/\/ceepcuritiba.com.br\/novo\/index.php?rest_route=\/wp\/v2\/pages\/415\/revisions\/479"}],"wp:attachment":[{"href":"https:\/\/ceepcuritiba.com.br\/novo\/index.php?rest_route=%2Fwp%2Fv2%2Fmedia&parent=415"}],"curies":[{"name":"wp","href":"https:\/\/api.w.org\/{rel}","templated":true}]}}