{"id":14,"date":"2024-10-04T18:42:07","date_gmt":"2024-10-04T21:42:07","guid":{"rendered":"http:\/\/ceepcuritiba.com.br\/novo\/?page_id=14"},"modified":"2026-01-05T10:51:36","modified_gmt":"2026-01-05T13:51:36","slug":"home","status":"publish","type":"page","link":"https:\/\/ceepcuritiba.com.br\/novo\/","title":{"rendered":"Home"},"content":{"rendered":"\n<p><\/p>\n\n\n\n<p class=\"has-large-font-size\">INSCRI\u00c7\u00d5ES PARA NOVOS ALUNOS ENCERRADAS!<\/p>\n\n\n\n<p class=\"has-large-font-size\">Resultado ser\u00e1 divulgado pela Secretaria de Educa\u00e7\u00e3o (SEED) a partir&nbsp;de&nbsp;07\/01\/2026.<\/p>\n\n\n\n<p class=\"has-medium-font-size\"><\/p>\n\n\n\n<p class=\"has-text-align-center has-medium-font-size\"><\/p>\n\n\n\n<p class=\"has-medium-font-size\"><\/p>\n\n\n\n<p><\/p>\n\n\n\n<p><\/p>\n\n\n\n<p class=\"has-vivid-cyan-blue-color has-text-color has-link-color has-large-font-size wp-elements-f70239736ea22d34865250d924f0e38d\"><\/p>\n\n\n\n<p class=\"has-medium-font-size\"><\/p>\n\n\n\n<p class=\"has-medium-font-size\"><\/p>\n\n\n\n<p class=\"has-medium-font-size\"><\/p>\n\n\n\n<p class=\"has-contrast-color has-text-color has-link-color has-medium-font-size wp-elements-19e35b5ccfed21de5c2bad2dbbb1a8e8\"><\/p>\n\n\n\n<p><\/p>\n","protected":false},"excerpt":{"rendered":"<p>INSCRI\u00c7\u00d5ES PARA NOVOS ALUNOS ENCERRADAS! Resultado ser\u00e1 divulgado pela Secretaria de Educa\u00e7\u00e3o (SEED) a partir&nbsp;de&nbsp;07\/01\/2026.<\/p>\n","protected":false},"author":1,"featured_media":0,"parent":0,"menu_order":0,"comment_status":"closed","ping_status":"closed","template":"","meta":{"footnotes":""},"class_list":["post-14","page","type-page","status-publish","hentry"],"_links":{"self":[{"href":"https:\/\/ceepcuritiba.com.br\/novo\/index.php?rest_route=\/wp\/v2\/pages\/14"}],"collection":[{"href":"https:\/\/ceepcuritiba.com.br\/novo\/index.php?rest_route=\/wp\/v2\/pages"}],"about":[{"href":"https:\/\/ceepcuritiba.com.br\/novo\/index.php?rest_route=\/wp\/v2\/types\/page"}],"author":[{"embeddable":true,"href":"https:\/\/ceepcuritiba.com.br\/novo\/index.php?rest_route=\/wp\/v2\/users\/1"}],"replies":[{"embeddable":true,"href":"https:\/\/ceepcuritiba.com.br\/novo\/index.php?rest_route=%2Fwp%2Fv2%2Fcomments&post=14"}],"version-history":[{"count":111,"href":"https:\/\/ceepcuritiba.com.br\/novo\/index.php?rest_route=\/wp\/v2\/pages\/14\/revisions"}],"predecessor-version":[{"id":598,"href":"https:\/\/ceepcuritiba.com.br\/novo\/index.php?rest_route=\/wp\/v2\/pages\/14\/revisions\/598"}],"wp:attachment":[{"href":"https:\/\/ceepcuritiba.com.br\/novo\/index.php?rest_route=%2Fwp%2Fv2%2Fmedia&parent=14"}],"curies":[{"name":"wp","href":"https:\/\/api.w.org\/{rel}","templated":true}]}}