{"id":94,"date":"2024-10-07T21:35:02","date_gmt":"2024-10-08T00:35:02","guid":{"rendered":"http:\/\/ceepcuritiba.com.br\/novo\/?page_id=94"},"modified":"2024-10-15T19:07:47","modified_gmt":"2024-10-15T22:07:47","slug":"curso-tecnico-em-quimica","status":"publish","type":"page","link":"http:\/\/ceepcuritiba.com.br\/novo\/?page_id=94","title":{"rendered":"CURSO T\u00c9CNICO EM QU\u00cdMICA"},"content":{"rendered":"\n<div class=\"wp-block-cover has-parallax\" style=\"min-height:142px;aspect-ratio:unset;\"><span aria-hidden=\"true\" class=\"wp-block-cover__background has-background-dim\"><\/span><div class=\"wp-block-cover__image-background wp-image-46 has-parallax\" style=\"background-position:50% 50%;background-image:url(http:\/\/ceepcuritiba.com.br\/novo\/wp-content\/uploads\/2024\/10\/quimica-1024x491.jpg)\"><\/div><div class=\"wp-block-cover__inner-container is-layout-flow wp-block-cover-is-layout-flow\">\n<p class=\"has-text-align-center has-large-font-size\">CURSO T\u00c9CNICO EM QU\u00cdMICA<\/p>\n<\/div><\/div>\n\n\n\n<h2 class=\"wp-block-heading\"><strong><a href=\"http:\/\/ceepcuritiba.com.br\/novo\/wp-content\/uploads\/2024\/10\/PC_Quimica.pdf\">Plano de Curso em Qu\u00edmica<\/a><\/strong><\/h2>\n\n\n\n<h2 class=\"wp-block-heading\"><strong><a href=\"http:\/\/ceepcuritiba.com.br\/novo\/wp-content\/uploads\/2024\/10\/MATRIZ_CURRICULAR_QUIMICA.pdf\">Matriz Curricular do Curso T\u00e9cnico de Qu\u00edmica<\/a><\/strong><\/h2>\n\n\n\n<h2 class=\"wp-block-heading\"><strong>O T\u00e9cnico em Qu\u00edmica ser\u00e1 habilitado para:<\/strong><\/h2>\n\n\n\n<ul class=\"wp-block-list\">\n<li>Operar, controlar e monitorar processos industriais e laboratoriais.<\/li>\n\n\n\n<li>Controlar a qualidade de mat\u00e9rias-primas, insumos e produtos.<\/li>\n\n\n\n<li>Realizar amostragens, an\u00e1lises qu\u00edmicas, f\u00edsico-qu\u00edmicas e microbiol\u00f3gicas.<\/li>\n\n\n\n<li>Desenvolver produtos e processos.<\/li>\n\n\n\n<li>Comprar e estocar mat\u00e9rias-primas, insumos e produtos.<\/li>\n\n\n\n<li>Controlar estoques de produtos acabados.<\/li>\n\n\n\n<li>Realizar a especifica\u00e7\u00e3o de produtos e processos e a sele\u00e7\u00e3o de fornecedores de produtos qu\u00edmicos.<\/li>\n<\/ul>\n\n\n\n<h3 class=\"wp-block-heading\"><strong>Para atua\u00e7\u00e3o como T\u00e9cnico em Qu\u00edmica, s\u00e3o fundamentais:<\/strong><\/h3>\n\n\n\n<ul class=\"wp-block-list\">\n<li>Conhecimentos e saberes relacionados aos processos de planejamento e opera\u00e7\u00e3o das atribui\u00e7\u00f5es da \u00e1rea, de modo a assegurar a sa\u00fade e a seguran\u00e7a dos trabalhadores e dos futuros usu\u00e1rios e operadores de empresas em processos de transforma\u00e7\u00e3o em qu\u00edmica.<\/li>\n\n\n\n<li>Conhecimentos e saberes relacionados \u00e0 sustentabilidade do processo produtivo, \u00e0s normas e relat\u00f3rios t\u00e9cnicos, \u00e0 legisla\u00e7\u00e3o da \u00e1rea, \u00e0s novas tecnologias relacionadas \u00e0 ind\u00fastria 4.0, \u00e0 lideran\u00e7a de equipes, \u00e0 solu\u00e7\u00e3o de problemas t\u00e9cnicos e \u00e0 gest\u00e3o de conflitos.<\/li>\n<\/ul>\n\n\n\n<h3 class=\"wp-block-heading\"><strong>Eixo Tecnol\u00f3gico<\/strong><\/h3>\n\n\n\n<p>Eixo de Produ\u00e7\u00e3o Industrial<\/p>\n\n\n\n<h3 class=\"wp-block-heading\"><strong>\u00c1rea Tecnol\u00f3gica<\/strong><\/h3>\n\n\n\n<p>Qu\u00edmica<\/p>\n\n\n\n<h3 class=\"wp-block-heading\"><strong>Carga Hor\u00e1ria M\u00ednima<\/strong><\/h3>\n\n\n\n<p><\/p>\n\n\n\n<h3 class=\"wp-block-heading\"><strong>Pr\u00e9-requisito para Ingresso<\/strong><\/h3>\n\n\n\n<p>Para ingresso no Curso T\u00e9cnico Subsequente, o estudante dever\u00e1 ter conclu\u00eddo o Ensino M\u00e9dio.<\/p>\n\n\n\n<p>Para ingresso no Curso T\u00e9cnico Integrado ao Ensino M\u00e9dio, o estudante dever\u00e1 ter conclu\u00eddo o Ensino Fundamental.<\/p>\n\n\n\n<p>Para ingresso no Curso T\u00e9cnico Integrado \u00e0 Educa\u00e7\u00e3o de Jovens e Adultos, o estudante dever\u00e1 ter conclu\u00eddo o Ensino Fundamental.<\/p>\n\n\n\n<h3 class=\"wp-block-heading\"><strong>Legisla\u00e7\u00e3o Profissional<\/strong><\/h3>\n\n\n\n<p><a target=\"_blank\" rel=\"noreferrer noopener\" href=\"https:\/\/www2.camara.leg.br\/legin\/fed\/lei\/1950-1959\/lei-2800-18-junho-1956-360926-norma-pl.html\">Lei n\u00ba 2800, de 18 de junho de 1956<\/a><\/p>\n\n\n\n<p>BRASIL. Lei n\u00ba 2800, de 18 de junho de 1956. Cria os Conselhos Federal e Regionais de Qu\u00edmica, disp\u00f5e sobre o exerc\u00edcio da profiss\u00e3o de qu\u00edmico, e d\u00e1 outras provid\u00eancias.<\/p>\n\n\n\n<p><a target=\"_blank\" rel=\"noreferrer noopener\" href=\"http:\/\/cfq.org.br\/resolucao-normativa\/resolucao-normativa-no-36-de-25-de-abril-de-1974\/\">Resolu\u00e7\u00e3o Normativa n\u00ba 36, de 25 de abril de 1974<\/a><\/p>\n\n\n\n<p>BRASIL. Resolu\u00e7\u00e3o Normativa n\u00ba 36, de 25 de abril de 1974. D\u00e1 atribui\u00e7\u00f5es aos profissionais da Qu\u00edmica.<\/p>\n\n\n\n<p><a target=\"_blank\" rel=\"noreferrer noopener\" href=\"http:\/\/www.planalto.gov.br\/ccivil_03\/decreto\/1980-1989\/D85877.htm\">Decreto n\u00ba 85877, de 07 de abril de 1981<\/a><\/p>\n\n\n\n<p>BRASIL. Decreto n\u00ba 85877, de 07 de abril de 1981. Estabelece normas para execu\u00e7\u00e3o da Lei n\u00ba 2800.<\/p>\n\n\n\n<p><a target=\"_blank\" rel=\"noreferrer noopener\" href=\"http:\/\/www.planalto.gov.br\/ccivil_03\/LEIS\/L5524.htm\">Lei n\u00ba 5.524, de 5 de novembro de 1968<\/a><\/p>\n\n\n\n<p>BRASIL. Lei n\u00ba 5.524, de 5 de novembro de 1968. Disp\u00f5e s\u00f4bre o exerc\u00edcio da profiss\u00e3o de T\u00e9cnico Industrial de n\u00edvel m\u00e9dio. Di\u00e1rio Oficial da Uni\u00e3o, se\u00e7\u00e3o 1, 6\/11\/1968, p. 9689.<\/p>\n\n\n\n<p><a target=\"_blank\" rel=\"noreferrer noopener\" href=\"https:\/\/cft-br.implanta.net.br\/PortalTransparencia\/Publico\/ArquivosAnexos\/Download?idArquivoAnexo=7db440d1-0e56-40ed-8d69-e30a3fd38b7b\">Resolu\u00e7\u00e3o CFT n 85, de 28 de outubro de 2019<\/a><\/p>\n\n\n\n<p>BRASIL. CONSELHO FEDERAL DOS T\u00c9CNICOS INDUSTRIAIS. Resolu\u00e7\u00e3o CFT n 85, de 28 de outubro de 2019. Aprova a tabela de t\u00edtulos de profissionais dos T\u00e9cnicos Industriais no SINCETI.<\/p>\n\n\n\n<p><a target=\"_blank\" rel=\"noreferrer noopener\" href=\"http:\/\/www.planalto.gov.br\/ccivil_03\/decreto\/Antigos\/D90922.htm\">Decreto n\u00ba 90.922, de 6 de fevereiro de 1985<\/a><\/p>\n\n\n\n<p>BRASIL. Decreto n\u00ba 90.922, de 6 de fevereiro de 1985. Regulamenta a Lei n\u00ba 5.524, de 05 de novembro de 1968, que disp\u00f5e sobre o exerc\u00edcio da profiss\u00e3o de t\u00e9cnico industrial e t\u00e9cnico agr\u00edcola de n\u00edvel m\u00e9dio ou de 2\u00ba grau. Di\u00e1rio Oficial da Uni\u00e3o, se\u00e7\u00e3o 1, 7\/2\/1985, p. 2194.<\/p>\n\n\n\n<h3 class=\"wp-block-heading\"><strong>Itiner\u00e1rios Formativos<\/strong><\/h3>\n\n\n\n<h3 class=\"wp-block-heading\"><strong><strong>Sugest\u00f5es de qualifica\u00e7\u00e3o profissional com certifica\u00e7\u00f5es intermedi\u00e1rias, no curso t\u00e9cnico, considerando ocupa\u00e7\u00f5es previstas na CBO:<\/strong><\/strong><\/h3>\n\n\n\n<ul class=\"wp-block-list\">\n<li>Operador de Processos Qu\u00edmicos Industriais<\/li>\n\n\n\n<li>Auxiliar de Laborat\u00f3rio de An\u00e1lises Qu\u00edmicas<\/li>\n\n\n\n<li>Assistente de An\u00e1lises em Processos Qu\u00edmicos<\/li>\n\n\n\n<li>Assistente de Produ\u00e7\u00e3o em Processos Qu\u00edmicos<\/li>\n<\/ul>\n\n\n\n<h3 class=\"wp-block-heading\"><strong><strong>Sugest\u00f5es de forma\u00e7\u00e3o continuada em cursos de especializa\u00e7\u00e3o t\u00e9cnica (p\u00f3s-t\u00e9cnico):<\/strong><\/strong><\/h3>\n\n\n\n<ul class=\"wp-block-list\">\n<li>Especializa\u00e7\u00e3o T\u00e9cnica em An\u00e1lises Espectrom\u00e9tricas<\/li>\n\n\n\n<li>Especializa\u00e7\u00e3o T\u00e9cnica em An\u00e1lises de Combust\u00edveis<\/li>\n\n\n\n<li>Especializa\u00e7\u00e3o T\u00e9cnica em Microbiologia Alimentar<\/li>\n\n\n\n<li>Especializa\u00e7\u00e3o T\u00e9cnica em Biog\u00e1s e Biometano<\/li>\n<\/ul>\n\n\n\n<h3 class=\"wp-block-heading\"><strong><strong>Sugest\u00f5es de verticaliza\u00e7\u00e3o para cursos de gradua\u00e7\u00e3o (Curso Superior de Tecnologia, Bacharelado e Licenciatura):<\/strong><\/strong><\/h3>\n\n\n\n<ul class=\"wp-block-list\">\n<li>Curso Superior de Tecnologia em Processos Qu\u00edmicos<\/li>\n\n\n\n<li>Curso Superior de Tecnologia em Petr\u00f3leo e G\u00e1s<\/li>\n\n\n\n<li>Curso Superior de Tecnologia em Pol\u00edmeros<\/li>\n\n\n\n<li>Curso Superior de Tecnologia em Biocombust\u00edveis<\/li>\n\n\n\n<li>Bacharelado em Bioqu\u00edmica<\/li>\n\n\n\n<li>Bacharelado em Qu\u00edmica<\/li>\n\n\n\n<li>Bacharelado em Qu\u00edmica Industrial<\/li>\n\n\n\n<li>Bacharelado em Qu\u00edmica de Alimentos<\/li>\n\n\n\n<li>Bacharelado em Qu\u00edmica do Petr\u00f3leo<\/li>\n\n\n\n<li>Bacharelado em Qu\u00edmica Ambiental<\/li>\n\n\n\n<li>Bacharelado em Engenharia Qu\u00edmica<\/li>\n\n\n\n<li>Bacharelado em Engenharia Bioqu\u00edmica<\/li>\n\n\n\n<li>Licenciatura em Qu\u00edmica<\/li>\n<\/ul>\n\n\n\n<h3 class=\"wp-block-heading\"><strong>Campo de Atua\u00e7\u00e3o<\/strong><\/h3>\n\n\n\n<h3 class=\"wp-block-heading\"><strong>Locais e Ambientes de Trabalho:<\/strong><\/h3>\n\n\n\n<ul class=\"wp-block-list\">\n<li>Ind\u00fastrias Qu\u00edmicas<\/li>\n\n\n\n<li>Laborat\u00f3rios de Controle de Qualidade, de Certi\ufb01ca\u00e7\u00e3o de Produtos Qu\u00edmicos, Aliment\u00edcios e A\ufb01ns<\/li>\n\n\n\n<li>Laborat\u00f3rios de Ensino, de Pesquisa e de Desenvolvimento em Ind\u00fastrias ou Empresas Qu\u00edmicas<\/li>\n\n\n\n<li>Empresas de Consultoria, Assist\u00eancia T\u00e9cnica, de Comercializa\u00e7\u00e3o de Produtos Qu\u00edmicos, Farmoqu\u00edmicos e Farmac\u00eauticos<\/li>\n\n\n\n<li>Esta\u00e7\u00f5es de Tratamento de \u00c1guas e E\ufb02uentes<\/li>\n<\/ul>\n\n\n\n<h3 class=\"wp-block-heading\"><strong>Ocupa\u00e7\u00f5es CBO Associadas<\/strong><\/h3>\n\n\n\n<p>3111-05 &#8211; T\u00e9cnico Qu\u00edmico<\/p>\n\n\n\n<p>3111-05 &#8211; Analista de Laborat\u00f3rio Qu\u00edmico<\/p>\n\n\n\n<p>3011-10 &#8211; T\u00e9cnico de Laborat\u00f3rio de An\u00e1lises F\u00edsico-Qu\u00edmicas (materiais de constru\u00e7\u00e3o)<\/p>\n\n\n\n<p>3011-15 &#8211; T\u00e9cnico Qu\u00edmico de Petr\u00f3leo<\/p>\n\n\n\n<p>3111-05 &#8211; Analista de Produtos Qu\u00edmicos<\/p>\n\n\n\n<p>3111-05 &#8211; Analista de Tratamento de \u00c1gua<\/p>\n\n\n\n<p>3111-05 &#8211; Analista Qu\u00edmico<\/p>\n\n\n\n<p>3111-05 &#8211; T\u00e9cnico de An\u00e1lise Qu\u00edmica<\/p>\n\n\n\n<p>3111-05 &#8211; T\u00e9cnico de Ci\u00eancias Qu\u00edmicas<\/p>\n\n\n\n<p>3111-05 &#8211; T\u00e9cnico de Desenvolvimento de An\u00e1lise Qu\u00edmica<\/p>\n\n\n\n<p>3111-05 &#8211; T\u00e9cnico de Ind\u00fastria Qu\u00edmica<\/p>\n\n\n\n<p>3111-05 &#8211; T\u00e9cnico de Laborat\u00f3rio de \u00c1gua e Esgotos<\/p>\n\n\n\n<p>3111-05 &#8211; T\u00e9cnico de Laborat\u00f3rio &#8211; Exclusive An\u00e1lises Cl\u00ednicas<\/p>\n\n\n\n<p>3111-05 &#8211; T\u00e9cnico de Sistema de Tratamento de \u00c1gua<\/p>\n\n\n\n<p>3111-05 &#8211; T\u00e9cnico Qu\u00edmico &#8211; Exclusive An\u00e1lises Qu\u00edmicas<\/p>\n\n\n\n<p>3111-05 &#8211; T\u00e9cnico Qu\u00edmico Industrial<\/p>\n\n\n\n<p>3112-05 &#8211; T\u00e9cnico em Petroqu\u00edmica<\/p>\n\n\n\n<p>3011-05 &#8211; T\u00e9cnico de Laborat\u00f3rio Industrial<\/p>\n\n\n\n<p>3011-10 &#8211; T\u00e9cnico de Laborat\u00f3rio de An\u00e1lises F\u00edsico-Qu\u00edmicas (materiais de constru\u00e7\u00e3o)<\/p>\n\n\n\n<p>3011-15 &#8211; T\u00e9cnico Qu\u00edmico de Petr\u00f3leo<\/p>\n\n\n\n<p>3011-05 &#8211; Auxiliar de Laboratorista (ind\u00fastria)<\/p>\n\n\n\n<p>3011-05 &#8211; Laboratorista de Ensaios Mec\u00e2nicos<\/p>\n\n\n\n<p>3011-05 &#8211; Laboratorista de Ensaios Qu\u00edmicos<\/p>\n\n\n\n<p>3011-05 &#8211; Laboratorista &#8211; Exclusive An\u00e1lises Cl\u00ednicas<\/p>\n\n\n\n<p>3011-05 &#8211; Laboratorista Industrial<\/p>\n\n\n\n<p>3011-05 &#8211; Laboratorista Qu\u00edmico<\/p>\n\n\n\n<p>3011-05 &#8211; Laboratorista T\u00eaxtil<\/p>\n","protected":false},"excerpt":{"rendered":"<p>Plano de Curso em Qu\u00edmica Matriz Curricular do Curso T\u00e9cnico de Qu\u00edmica O T\u00e9cnico em Qu\u00edmica ser\u00e1 habilitado para: Para atua\u00e7\u00e3o como T\u00e9cnico em Qu\u00edmica, s\u00e3o fundamentais: Eixo Tecnol\u00f3gico Eixo de Produ\u00e7\u00e3o Industrial \u00c1rea Tecnol\u00f3gica Qu\u00edmica Carga Hor\u00e1ria M\u00ednima Pr\u00e9-requisito para Ingresso Para ingresso no Curso T\u00e9cnico Subsequente, o estudante dever\u00e1 ter conclu\u00eddo o Ensino [&hellip;]<\/p>\n","protected":false},"author":1,"featured_media":0,"parent":17,"menu_order":0,"comment_status":"closed","ping_status":"closed","template":"","meta":{"footnotes":""},"class_list":["post-94","page","type-page","status-publish","hentry"],"_links":{"self":[{"href":"http:\/\/ceepcuritiba.com.br\/novo\/index.php?rest_route=\/wp\/v2\/pages\/94"}],"collection":[{"href":"http:\/\/ceepcuritiba.com.br\/novo\/index.php?rest_route=\/wp\/v2\/pages"}],"about":[{"href":"http:\/\/ceepcuritiba.com.br\/novo\/index.php?rest_route=\/wp\/v2\/types\/page"}],"author":[{"embeddable":true,"href":"http:\/\/ceepcuritiba.com.br\/novo\/index.php?rest_route=\/wp\/v2\/users\/1"}],"replies":[{"embeddable":true,"href":"http:\/\/ceepcuritiba.com.br\/novo\/index.php?rest_route=%2Fwp%2Fv2%2Fcomments&post=94"}],"version-history":[{"count":2,"href":"http:\/\/ceepcuritiba.com.br\/novo\/index.php?rest_route=\/wp\/v2\/pages\/94\/revisions"}],"predecessor-version":[{"id":163,"href":"http:\/\/ceepcuritiba.com.br\/novo\/index.php?rest_route=\/wp\/v2\/pages\/94\/revisions\/163"}],"up":[{"embeddable":true,"href":"http:\/\/ceepcuritiba.com.br\/novo\/index.php?rest_route=\/wp\/v2\/pages\/17"}],"wp:attachment":[{"href":"http:\/\/ceepcuritiba.com.br\/novo\/index.php?rest_route=%2Fwp%2Fv2%2Fmedia&parent=94"}],"curies":[{"name":"wp","href":"https:\/\/api.w.org\/{rel}","templated":true}]}}