{"id":91,"date":"2024-10-07T21:12:45","date_gmt":"2024-10-08T00:12:45","guid":{"rendered":"http:\/\/ceepcuritiba.com.br\/novo\/?page_id=91"},"modified":"2024-10-15T19:47:16","modified_gmt":"2024-10-15T22:47:16","slug":"curso-tecnico-em-programacao-de-jogos-digitais","status":"publish","type":"page","link":"http:\/\/ceepcuritiba.com.br\/novo\/?page_id=91","title":{"rendered":"CURSO T\u00c9CNICO EM PROGRAMA\u00c7\u00c3O DE JOGOS DIGITAIS"},"content":{"rendered":"\n<div class=\"wp-block-cover has-parallax\" style=\"min-height:197px;aspect-ratio:unset;\"><span aria-hidden=\"true\" class=\"wp-block-cover__background has-background-dim\"><\/span><div class=\"wp-block-cover__image-background wp-image-45 has-parallax\" style=\"background-position:50% 50%;background-image:url(http:\/\/ceepcuritiba.com.br\/novo\/wp-content\/uploads\/2024\/10\/programacao_de_jogos_digitais-1024x491.jpg)\"><\/div><div class=\"wp-block-cover__inner-container is-layout-flow wp-block-cover-is-layout-flow\">\n<p class=\"has-text-align-center has-large-font-size\">CURSO T\u00c9CNICO EM PROGRAMA\u00c7\u00c3O DE JOGOS DIGITAIS<\/p>\n<\/div><\/div>\n\n\n\n<h2 class=\"wp-block-heading\"><strong><a href=\"http:\/\/ceepcuritiba.com.br\/novo\/wp-content\/uploads\/2024\/10\/PC_Programacao_jogos.pdf\">Plano de Curso em Programa\u00e7\u00e3o de Jogos Digitais<\/a><\/strong><\/h2>\n\n\n\n<h2 class=\"wp-block-heading\"><strong><a href=\"http:\/\/ceepcuritiba.com.br\/novo\/wp-content\/uploads\/2024\/10\/MATRIZ_CURRICULAR_PROG_JOGOS.pdf\">Matriz Curricular do Curso T\u00e9cnico em Programa\u00e7\u00e3o de Jogos Digitais<\/a><\/strong><\/h2>\n\n\n\n<h2 class=\"wp-block-heading\"><strong>O T\u00e9cnico em Programa\u00e7\u00e3o de Jogos Digitais ser\u00e1 habilitado para:<\/strong><\/h2>\n\n\n\n<ul class=\"wp-block-list\">\n<li>Planejar o desenvolvimento do jogo digital para multiplataformas.<\/li>\n\n\n\n<li>Planejar as atividades de programa\u00e7\u00e3o para o desenvolvimento do jogo digital.<\/li>\n\n\n\n<li>Configurar e incorporar elementos multim\u00eddia \u00e0 plataforma de desenvolvimento.<\/li>\n\n\n\n<li>Desenvolver e selecionar os algoritmos e a estrutura de dados para jogos digitais.<\/li>\n\n\n\n<li>Programar e integrar os elementos multim\u00eddia do jogo digital para computadores, consoles e dispositivos m\u00f3veis.<\/li>\n\n\n\n<li>Programar jogos digitais multiplayer.<\/li>\n\n\n\n<li>Realizar testes em jogos digitais.<\/li>\n\n\n\n<li>Realizar manuten\u00e7\u00e3o de jogos digitais.<\/li>\n<\/ul>\n\n\n\n<h3 class=\"wp-block-heading\"><strong>Para atua\u00e7\u00e3o como T\u00e9cnico em Programa\u00e7\u00e3o de Jogos Digitais, s\u00e3o fundamentais:<\/strong><\/h3>\n\n\n\n<ul class=\"wp-block-list\">\n<li>Conhecimentos e saberes relacionados aos processos de produ\u00e7\u00e3o de conte\u00fado e roteiriza\u00e7\u00e3o, bem como \u00e0 expertise da produ\u00e7\u00e3o em equipe, aos m\u00e9todos de lideran\u00e7a, \u00e0s boas pr\u00e1ticas de comunica\u00e7\u00e3o e produ\u00e7\u00e3o de an\u00e1lises e pareceres t\u00e9cnicos, sempre garantindo o pleno atendimento dos prazos, dos crit\u00e9rios de qualidade e do perfil t\u00e9cnico de suas produ\u00e7\u00f5es.<\/li>\n<\/ul>\n\n\n\n<h3 class=\"wp-block-heading\"><strong>Eixo Tecnol\u00f3gico<\/strong><\/h3>\n\n\n\n<p>Eixo de Informa\u00e7\u00e3o e Comunica\u00e7\u00e3o<\/p>\n\n\n\n<h3 class=\"wp-block-heading\"><strong>\u00c1rea Tecnol\u00f3gica<\/strong><\/h3>\n\n\n\n<p>Desenvolvimento de Sistemas<\/p>\n\n\n\n<h3 class=\"wp-block-heading\"><strong>Carga Hor\u00e1ria M\u00ednima<\/strong><\/h3>\n\n\n\n<p><\/p>\n\n\n\n<h3 class=\"wp-block-heading\"><strong>Pr\u00e9-requisitos para Ingresso<\/strong><\/h3>\n\n\n\n<p>Para ingresso no Curso T\u00e9cnico Subsequente, o estudante dever\u00e1 ter conclu\u00eddo o Ensino M\u00e9dio.<\/p>\n\n\n\n<p>Para ingresso no Curso T\u00e9cnico Integrado ao Ensino M\u00e9dio, o estudante dever\u00e1 ter conclu\u00eddo o Ensino Fundamental.<\/p>\n\n\n\n<p>Para ingresso no Curso T\u00e9cnico Integrado \u00e0 Educa\u00e7\u00e3o de Jovens e Adultos, o estudante dever\u00e1 ter conclu\u00eddo o Ensino Fundamental.<\/p>\n\n\n\n<h3 class=\"wp-block-heading\"><strong>Legisla\u00e7\u00e3o Profissional<\/strong><\/h3>\n\n\n\n<p>Profiss\u00e3o n\u00e3o regulamentada<\/p>\n\n\n\n<h3 class=\"wp-block-heading\"><strong>Itiner\u00e1rios Formativos<\/strong><\/h3>\n\n\n\n<h3 class=\"wp-block-heading\"><strong>Sugest\u00f5es de qualifica\u00e7\u00e3o profissional com certifica\u00e7\u00f5es intermedi\u00e1rias, no curso t\u00e9cnico, considerando ocupa\u00e7\u00f5es previstas na CBO:<\/strong><\/h3>\n\n\n\n<ul class=\"wp-block-list\">\n<li>Programador de Aplicativos para M\u00eddias Digitais<\/li>\n\n\n\n<li>Programador de Jogos Eletr\u00f4nicos<\/li>\n\n\n\n<li>Programador de Jogos para Web<\/li>\n\n\n\n<li>Programador de Jogos para Dispositivos M\u00f3veis<\/li>\n<\/ul>\n\n\n\n<h3 class=\"wp-block-heading\"><strong>Sugest\u00f5es de forma\u00e7\u00e3o continuada em cursos de especializa\u00e7\u00e3o t\u00e9cnica (p\u00f3s-t\u00e9cnico):<\/strong><\/h3>\n\n\n\n<ul class=\"wp-block-list\">\n<li>Especializa\u00e7\u00e3o T\u00e9cnica em Roteiriza\u00e7\u00e3o de Jogos Digitais<\/li>\n\n\n\n<li>Especializa\u00e7\u00e3o T\u00e9cnica em Masteriza\u00e7\u00e3o e Sonoriza\u00e7\u00e3o<\/li>\n\n\n\n<li>Especializa\u00e7\u00e3o T\u00e9cnica em Modelagem e Anima\u00e7\u00e3o<\/li>\n<\/ul>\n\n\n\n<h3 class=\"wp-block-heading\"><strong>Sugest\u00f5es de verticaliza\u00e7\u00e3o para cursos de gradua\u00e7\u00e3o (Curso Superior de Tecnologia, Bacharelado e Licenciatura):<\/strong><\/h3>\n\n\n\n<ul class=\"wp-block-list\">\n<li>Curso Superior de Tecnologia em An\u00e1lise e Desenvolvimento de Sistemas<\/li>\n\n\n\n<li>Curso Superior de Tecnologia em Gest\u00e3o da Tecnologia da Informa\u00e7\u00e3o<\/li>\n\n\n\n<li>Curso Superior de Tecnologia em Jogos Digitais<\/li>\n\n\n\n<li>Curso Superior de Tecnologia em Seguran\u00e7a da Informa\u00e7\u00e3o<\/li>\n\n\n\n<li>Curso Superior de Tecnologia em Sistemas para Internet<\/li>\n\n\n\n<li>Bacharelado em Ci\u00eancia da Computa\u00e7\u00e3o<\/li>\n\n\n\n<li>Bacharelado em Engenharia da Computa\u00e7\u00e3o<\/li>\n\n\n\n<li>Bacharelado em Engenharia de Software<\/li>\n\n\n\n<li>Bacharelado em Sistemas de Informa\u00e7\u00e3o<\/li>\n<\/ul>\n\n\n\n<h3 class=\"wp-block-heading\"><strong>Campo de Atua\u00e7\u00e3o<\/strong><\/h3>\n\n\n\n<h3 class=\"wp-block-heading\"><strong>Locais e Ambientes de Trabalho:<\/strong><\/h3>\n\n\n\n<ul class=\"wp-block-list\">\n<li>Empresas de desenvolvimento de jogos<\/li>\n\n\n\n<li>Institui\u00e7\u00f5es de educa\u00e7\u00e3o<\/li>\n\n\n\n<li>Ag\u00eancias de publicidade e propaganda<\/li>\n\n\n\n<li>Est\u00fadios de anima\u00e7\u00e3o<\/li>\n\n\n\n<li>Startups de produ\u00e7\u00e3o de conte\u00fado e interatividade<\/li>\n<\/ul>\n\n\n\n<h3 class=\"wp-block-heading\"><strong>Ocupa\u00e7\u00e3o CBO Associadas<\/strong><\/h3>\n\n\n\n<p>3171-20 &#8211; Programador de Multim\u00eddia<\/p>\n","protected":false},"excerpt":{"rendered":"<p>Plano de Curso em Programa\u00e7\u00e3o de Jogos Digitais Matriz Curricular do Curso T\u00e9cnico em Programa\u00e7\u00e3o de Jogos Digitais O T\u00e9cnico em Programa\u00e7\u00e3o de Jogos Digitais ser\u00e1 habilitado para: Para atua\u00e7\u00e3o como T\u00e9cnico em Programa\u00e7\u00e3o de Jogos Digitais, s\u00e3o fundamentais: Eixo Tecnol\u00f3gico Eixo de Informa\u00e7\u00e3o e Comunica\u00e7\u00e3o \u00c1rea Tecnol\u00f3gica Desenvolvimento de Sistemas Carga Hor\u00e1ria M\u00ednima Pr\u00e9-requisitos [&hellip;]<\/p>\n","protected":false},"author":1,"featured_media":0,"parent":17,"menu_order":0,"comment_status":"closed","ping_status":"closed","template":"","meta":{"footnotes":""},"class_list":["post-91","page","type-page","status-publish","hentry"],"_links":{"self":[{"href":"http:\/\/ceepcuritiba.com.br\/novo\/index.php?rest_route=\/wp\/v2\/pages\/91"}],"collection":[{"href":"http:\/\/ceepcuritiba.com.br\/novo\/index.php?rest_route=\/wp\/v2\/pages"}],"about":[{"href":"http:\/\/ceepcuritiba.com.br\/novo\/index.php?rest_route=\/wp\/v2\/types\/page"}],"author":[{"embeddable":true,"href":"http:\/\/ceepcuritiba.com.br\/novo\/index.php?rest_route=\/wp\/v2\/users\/1"}],"replies":[{"embeddable":true,"href":"http:\/\/ceepcuritiba.com.br\/novo\/index.php?rest_route=%2Fwp%2Fv2%2Fcomments&post=91"}],"version-history":[{"count":2,"href":"http:\/\/ceepcuritiba.com.br\/novo\/index.php?rest_route=\/wp\/v2\/pages\/91\/revisions"}],"predecessor-version":[{"id":190,"href":"http:\/\/ceepcuritiba.com.br\/novo\/index.php?rest_route=\/wp\/v2\/pages\/91\/revisions\/190"}],"up":[{"embeddable":true,"href":"http:\/\/ceepcuritiba.com.br\/novo\/index.php?rest_route=\/wp\/v2\/pages\/17"}],"wp:attachment":[{"href":"http:\/\/ceepcuritiba.com.br\/novo\/index.php?rest_route=%2Fwp%2Fv2%2Fmedia&parent=91"}],"curies":[{"name":"wp","href":"https:\/\/api.w.org\/{rel}","templated":true}]}}