{"id":85,"date":"2024-10-07T20:27:48","date_gmt":"2024-10-07T23:27:48","guid":{"rendered":"http:\/\/ceepcuritiba.com.br\/novo\/?page_id=85"},"modified":"2024-10-15T19:16:51","modified_gmt":"2024-10-15T22:16:51","slug":"curso-tecnico-em-mecanica","status":"publish","type":"page","link":"http:\/\/ceepcuritiba.com.br\/novo\/?page_id=85","title":{"rendered":"CURSO T\u00c9CNICO EM MEC\u00c2NICA"},"content":{"rendered":"\n<div class=\"wp-block-cover has-parallax\" style=\"min-height:141px;aspect-ratio:unset;\"><span aria-hidden=\"true\" class=\"wp-block-cover__background has-background-dim\"><\/span><div class=\"wp-block-cover__image-background wp-image-43 has-parallax\" style=\"background-position:50% 50%;background-image:url(http:\/\/ceepcuritiba.com.br\/novo\/wp-content\/uploads\/2024\/10\/mecanica-1024x491.jpg)\"><\/div><div class=\"wp-block-cover__inner-container is-layout-flow wp-block-cover-is-layout-flow\">\n<p class=\"has-text-align-center has-large-font-size\">CURSO T\u00c9CNICO EM MEC\u00c2NICA<\/p>\n<\/div><\/div>\n\n\n\n<h2 class=\"wp-block-heading\"><strong><a href=\"http:\/\/ceepcuritiba.com.br\/novo\/wp-content\/uploads\/2024\/10\/PC_Mecanica.pdf\">Plano de Curso em Mec\u00e2nica<\/a><\/strong><\/h2>\n\n\n\n<h2 class=\"wp-block-heading\"><strong><a href=\"http:\/\/ceepcuritiba.com.br\/novo\/wp-content\/uploads\/2024\/10\/MATRIZ_CURRICULAR_-MECANICA.pdf\">Matriz Curricular do Curso T\u00e9cnico em Mec\u00e2nica<\/a><\/strong><\/h2>\n\n\n\n<h2 class=\"wp-block-heading\"><strong>O T\u00e9cnico em Mec\u00e2nica ser\u00e1 habilitado para:<\/strong><\/h2>\n\n\n\n<ul class=\"wp-block-list\">\n<li>Programar, controlar e executar processos de fabrica\u00e7\u00e3o mec\u00e2nica para m\u00e1quinas e equipamentos mec\u00e2nicos atendendo \u00e0s normas e aos padr\u00f5es t\u00e9cnicos de qualidade, sa\u00fade e seguran\u00e7a e de meio ambiente.<\/li>\n\n\n\n<li>Planejar, aplicar e controlar procedimentos de instala\u00e7\u00e3o, de manuten\u00e7\u00e3o e inspe\u00e7\u00e3o mec\u00e2nica de m\u00e1quinas e equipamentos.<\/li>\n\n\n\n<li>Elaborar projetos de produtos relacionados a m\u00e1quinas e equipamentos mec\u00e2nicos especificando materiais para constru\u00e7\u00e3o mec\u00e2nica por meio de t\u00e9cnicas de usinagem, soldagem e conforma\u00e7\u00e3o mec\u00e2nica.<\/li>\n\n\n\n<li>Realizar inspe\u00e7\u00e3o visual, dimensional e testes em sistemas, instrumentos e equipamentos mec\u00e2nicos, pneum\u00e1ticos, hidr\u00e1ulicos e eletromec\u00e2nicos de m\u00e1quinas.<\/li>\n\n\n\n<li>Reconhecer tecnologias inovadoras presentes no segmento visando a atender \u00e0s transforma\u00e7\u00f5es digitais na sociedade.<\/li>\n<\/ul>\n\n\n\n<h3 class=\"wp-block-heading\"><strong>Para atua\u00e7\u00e3o como T\u00e9cnico em Mec\u00e2nica, s\u00e3o fundamentais:<\/strong><\/h3>\n\n\n\n<ul class=\"wp-block-list\">\n<li>Conhecimentos e saberes relacionados aos processos de planejamento, produ\u00e7\u00e3o e manuten\u00e7\u00e3o de equipamentos mec\u00e2nicos de modo a assegurar a sa\u00fade e a seguran\u00e7a dos trabalhadores e dos usu\u00e1rios.<\/li>\n\n\n\n<li>Conhecimentos e saberes relacionados \u00e0 sustentabilidade do processo produtivo, \u00e0s t\u00e9cnicas e aos processos de produ\u00e7\u00e3o, \u00e0s normas t\u00e9cnicas, \u00e0 lideran\u00e7a de equipes, \u00e0 solu\u00e7\u00e3o de problemas t\u00e9cnicos e trabalhistas e \u00e0 gest\u00e3o de conflitos.<\/li>\n<\/ul>\n\n\n\n<h3 class=\"wp-block-heading\"><strong>Eixo Tecnol\u00f3gico<\/strong><\/h3>\n\n\n\n<p>Eixo de Controle e Processos Industriais<\/p>\n\n\n\n<h3 class=\"wp-block-heading\"><strong>\u00c1rea Tecnol\u00f3gica<\/strong><\/h3>\n\n\n\n<p>Metalmec\u00e2nica<\/p>\n\n\n\n<h3 class=\"wp-block-heading\"><strong>Carga Hor\u00e1ria M\u00ednima<\/strong><\/h3>\n\n\n\n<p><\/p>\n\n\n\n<h3 class=\"wp-block-heading\"><strong>Pr\u00e9-requisito para Ingresso<\/strong><\/h3>\n\n\n\n<p>Para ingresso no Curso T\u00e9cnico Subsequente, o estudante dever\u00e1 ter conclu\u00eddo o Ensino M\u00e9dio.<\/p>\n\n\n\n<p>Para ingresso no Curso T\u00e9cnico Integrado ao Ensino M\u00e9dio, o estudante dever\u00e1 ter conclu\u00eddo o Ensino Fundamental.<\/p>\n\n\n\n<p>Para ingresso no Curso T\u00e9cnico Integrado \u00e0 Educa\u00e7\u00e3o de Jovens e Adultos, o estudante dever\u00e1 ter conclu\u00eddo o Ensino Fundamental.<\/p>\n\n\n\n<h3 class=\"wp-block-heading\"><strong>Legisla\u00e7\u00e3o Profissional<\/strong><\/h3>\n\n\n\n<p><a target=\"_blank\" rel=\"noreferrer noopener\" href=\"http:\/\/www.planalto.gov.br\/ccivil_03\/decreto\/Antigos\/D90922.htm\">Decreto n\u00ba 90.922, de 6 de fevereiro de 1985<\/a><\/p>\n\n\n\n<p>BRASIL. Decreto n\u00ba 90.922, de 6 de fevereiro de 1985. Regulamenta a Lei n\u00ba 5.524, de 05 de novembro de 1968, que disp\u00f5e sobre o exerc\u00edcio da profiss\u00e3o de t\u00e9cnico industrial e t\u00e9cnico agr\u00edcola de n\u00edvel m\u00e9dio ou de 2\u00ba grau. Di\u00e1rio Oficial da Uni\u00e3o, se\u00e7\u00e3o 1, 7\/2\/1985, p. 2194.<\/p>\n\n\n\n<p><a target=\"_blank\" rel=\"noreferrer noopener\" href=\"https:\/\/www.legisweb.com.br\/legislacao\/?id=378267\">Resolu\u00e7\u00e3o n\u00ba 68, de 24 de maio de 2019<\/a><\/p>\n\n\n\n<p>BRASIL. Resolu\u00e7\u00e3o n\u00ba 68, de 24 de maio de 2019. Define quais os profissionais est\u00e3o habilitados para elabora\u00e7\u00e3o do PMOC \u2013 Plano de Manuten\u00e7\u00e3o, Opera\u00e7\u00e3o e Controle de Sistemas de Climatiza\u00e7\u00e3o de Ambiente. Di\u00e1rio Oficial da Uni\u00e3o. Bras\u00edlia, 11 de fevereiro de 2020. Se\u00e7\u00e3o I, pag.62.<\/p>\n\n\n\n<p><a target=\"_blank\" rel=\"noreferrer noopener\" href=\"http:\/\/www.planalto.gov.br\/ccivil_03\/_Ato2015-2018\/2018\/Lei\/L13639.htm\">Lei n\u00ba 13.639, de 26 de mar\u00e7o de 2018<\/a><\/p>\n\n\n\n<p>BRASIL. Lei n\u00ba 13.639, de 26 de mar\u00e7o de 2018. Cria o Conselho Federal dos T\u00e9cnicos Industriais, o Conselho Federal dos T\u00e9cnicos Agr\u00edcolas, os Conselhos Regionais dos T\u00e9cnicos Industriais e os Conselhos Regionais dos T\u00e9cnicos Agr\u00edcolas., autarquias com autonomia administrativa e financeira e com estrutura federativa. Di\u00e1rio Oficial da Uni\u00e3o. Bras\u00edlia, 27 de mar\u00e7o de 2018. Se\u00e7\u00e3o I, pag.1<\/p>\n\n\n\n<p><a target=\"_blank\" rel=\"noreferrer noopener\" href=\"http:\/\/www.in.gov.br\/en\/web\/dou\/-\/resolucao-n-101-de-4-de-junho-de-2020-260784844\">Resolu\u00e7\u00e3o n\u00ba 101, de 04 de junho de 2020<\/a><\/p>\n\n\n\n<p>BRASIL. Resolu\u00e7\u00e3o n\u00ba 101, de 04 de junho de 2020. Conselho Federal de T\u00e9cnicos Industriais, disciplina e orienta as prerrogativas e atribui\u00e7\u00f5es dos T\u00e9cnicos Industriais em Mec\u00e2nica. Di\u00e1rio Oficial da Uni\u00e3o. Bras\u00edlia, 09 de junho de 2020. Se\u00e7\u00e3o I, pag.94.<\/p>\n\n\n\n<p><a target=\"_blank\" rel=\"noreferrer noopener\" href=\"http:\/\/www.planalto.gov.br\/ccivil_03\/decreto\/2002\/D4560.htm\">Decreto 4.560, de 30 de dezembro de 2002<\/a><\/p>\n\n\n\n<p>BRASIL. Decreto 4.560, de 30 de dezembro de 2002. Altera o Decreto n\u00ba 90.922, de 6 de fevereiro de 1985, que regulamenta a Lei n\u00ba 5.524, de 5 de novembro de 1968, que disp\u00f5e sobre o exerc\u00edcio da profiss\u00e3o de T\u00e9cnico Industrial e T\u00e9cnico Agr\u00edcola de n\u00edvel m\u00e9dio ou de 2\u00ba grau. Di\u00e1rio Oficial da Uni\u00e3o, se\u00e7\u00e3o 1, 31\/12\/2002, p. 7.<\/p>\n\n\n\n<p><a target=\"_blank\" rel=\"noreferrer noopener\" href=\"http:\/\/www.in.gov.br\/en\/web\/dou\/-\/resolucao-n-100-de-27-de-abril-de-2020-255373376\">Resolu\u00e7\u00e3o n\u00ba 100, de 27 de abril de 2020<\/a><\/p>\n\n\n\n<p>BRASIL. Resolu\u00e7\u00e3o n\u00ba 100, de 27 de abril de 2020. Conselho Federal de T\u00e9cnicos Industriais, estabelece quais profissionais est\u00e3o habilitados a atuar no \u00e2mbito de elabora\u00e7\u00e3o e execu\u00e7\u00e3o de Projetos de Preven\u00e7\u00e3o e Combate a Inc\u00eandio perante o Corpo de Bombeiros. Di\u00e1rio Oficial da Uni\u00e3o. Bras\u00edlia, 06 de maio de 2020. Se\u00e7\u00e3o I, pag.94.<\/p>\n\n\n\n<p><a target=\"_blank\" rel=\"noreferrer noopener\" href=\"http:\/\/www.planalto.gov.br\/ccivil_03\/LEIS\/L5524.htm\">Lei n\u00ba 5.524, de 5 de novembro de 1968<\/a><\/p>\n\n\n\n<p>BRASIL. Lei n\u00ba 5.524, de 5 de novembro de 1968. Disp\u00f5e s\u00f4bre o exerc\u00edcio da profiss\u00e3o de T\u00e9cnico Industrial de n\u00edvel m\u00e9dio. Di\u00e1rio Oficial da Uni\u00e3o, se\u00e7\u00e3o 1, 6\/11\/1968, p. 9689.<\/p>\n\n\n\n<h3 class=\"wp-block-heading\"><strong>Campo de Atua\u00e7\u00e3o<\/strong><\/h3>\n\n\n\n<h3 class=\"wp-block-heading\"><strong>Locais e Ambientes de Trabalho:<\/strong><\/h3>\n\n\n\n<ul class=\"wp-block-list\">\n<li>Ind\u00fastrias de alimentos e bebidas, de instrumentos m\u00e9dico-hospitalares, t\u00eaxteis, de artigos de borracha e pl\u00e1stico, de produtos qu\u00edmicos, metalmec\u00e2nica, de m\u00e1quinas e equipamentos, aeroespaciais, automobil\u00edstica e de instrumentos de medida<\/li>\n<\/ul>\n\n\n\n<h3 class=\"wp-block-heading\"><strong>Ocupa\u00e7\u00e3o CBO Associadas<\/strong><\/h3>\n\n\n\n<p>3141-10 &#8211; T\u00e9cnico Mec\u00e2nico<\/p>\n\n\n\n<p>3141-05 &#8211; T\u00e9cnico em Mec\u00e2nica de Precis\u00e3o<\/p>\n\n\n\n<p>9151-05 &#8211; T\u00e9cnico em Manuten\u00e7\u00e3o de Instrumentos de Medi\u00e7\u00e3o e Precis\u00e3o<\/p>\n","protected":false},"excerpt":{"rendered":"<p>Plano de Curso em Mec\u00e2nica Matriz Curricular do Curso T\u00e9cnico em Mec\u00e2nica O T\u00e9cnico em Mec\u00e2nica ser\u00e1 habilitado para: Para atua\u00e7\u00e3o como T\u00e9cnico em Mec\u00e2nica, s\u00e3o fundamentais: Eixo Tecnol\u00f3gico Eixo de Controle e Processos Industriais \u00c1rea Tecnol\u00f3gica Metalmec\u00e2nica Carga Hor\u00e1ria M\u00ednima Pr\u00e9-requisito para Ingresso Para ingresso no Curso T\u00e9cnico Subsequente, o estudante dever\u00e1 ter conclu\u00eddo [&hellip;]<\/p>\n","protected":false},"author":1,"featured_media":0,"parent":17,"menu_order":0,"comment_status":"closed","ping_status":"closed","template":"","meta":{"footnotes":""},"class_list":["post-85","page","type-page","status-publish","hentry"],"_links":{"self":[{"href":"http:\/\/ceepcuritiba.com.br\/novo\/index.php?rest_route=\/wp\/v2\/pages\/85"}],"collection":[{"href":"http:\/\/ceepcuritiba.com.br\/novo\/index.php?rest_route=\/wp\/v2\/pages"}],"about":[{"href":"http:\/\/ceepcuritiba.com.br\/novo\/index.php?rest_route=\/wp\/v2\/types\/page"}],"author":[{"embeddable":true,"href":"http:\/\/ceepcuritiba.com.br\/novo\/index.php?rest_route=\/wp\/v2\/users\/1"}],"replies":[{"embeddable":true,"href":"http:\/\/ceepcuritiba.com.br\/novo\/index.php?rest_route=%2Fwp%2Fv2%2Fcomments&post=85"}],"version-history":[{"count":3,"href":"http:\/\/ceepcuritiba.com.br\/novo\/index.php?rest_route=\/wp\/v2\/pages\/85\/revisions"}],"predecessor-version":[{"id":167,"href":"http:\/\/ceepcuritiba.com.br\/novo\/index.php?rest_route=\/wp\/v2\/pages\/85\/revisions\/167"}],"up":[{"embeddable":true,"href":"http:\/\/ceepcuritiba.com.br\/novo\/index.php?rest_route=\/wp\/v2\/pages\/17"}],"wp:attachment":[{"href":"http:\/\/ceepcuritiba.com.br\/novo\/index.php?rest_route=%2Fwp%2Fv2%2Fmedia&parent=85"}],"curies":[{"name":"wp","href":"https:\/\/api.w.org\/{rel}","templated":true}]}}