{"id":82,"date":"2024-10-07T20:13:55","date_gmt":"2024-10-07T23:13:55","guid":{"rendered":"http:\/\/ceepcuritiba.com.br\/novo\/?page_id=82"},"modified":"2024-10-15T19:22:23","modified_gmt":"2024-10-15T22:22:23","slug":"curso-tecnico-em-manutencao-automotiva","status":"publish","type":"page","link":"http:\/\/ceepcuritiba.com.br\/novo\/?page_id=82","title":{"rendered":"CURSO T\u00c9CNICO EM MANUTEN\u00c7\u00c3O AUTOMOTIVA"},"content":{"rendered":"\n<div class=\"wp-block-cover has-parallax\" style=\"min-height:142px;aspect-ratio:unset;\"><span aria-hidden=\"true\" class=\"wp-block-cover__background has-background-dim\"><\/span><div class=\"wp-block-cover__image-background wp-image-42 has-parallax\" style=\"background-position:50% 50%;background-image:url(http:\/\/ceepcuritiba.com.br\/novo\/wp-content\/uploads\/2024\/10\/manutencao_automotiva-1024x491.jpg)\"><\/div><div class=\"wp-block-cover__inner-container is-layout-flow wp-block-cover-is-layout-flow\">\n<p class=\"has-text-align-center has-large-font-size\">T\u00c9CNICO EM MANUTEN\u00c7\u00c3O AUTOMOTIVA<\/p>\n<\/div><\/div>\n\n\n\n<h2 class=\"wp-block-heading\"><strong><a href=\"http:\/\/ceepcuritiba.com.br\/novo\/wp-content\/uploads\/2024\/10\/PC_Manutencao-Automotiva.pdf\">Plano de Curso em Manuten\u00e7\u00e3o Automotiva<\/a><\/strong><\/h2>\n\n\n\n<h2 class=\"wp-block-heading\"><strong><a href=\"http:\/\/ceepcuritiba.com.br\/novo\/wp-content\/uploads\/2024\/10\/MATRIZ_CURRICULAR_MANUTENCAO_AUT.pdf\">Matriz Curricular do Curso T\u00e9cnico em Manuten\u00e7\u00e3o Automotiva<\/a><\/strong><\/h2>\n\n\n\n<h2 class=\"wp-block-heading\"><strong>O T\u00e9cnico em Manuten\u00e7\u00e3o Automotiva ser\u00e1 habilitado para:<\/strong><\/h2>\n\n\n\n<ul class=\"wp-block-list\">\n<li>Programar, controlar e executar planos de manuten\u00e7\u00e3o preventiva em ve\u00edculos automotores seguindo as normas t\u00e9cnicas dos respectivos fabricantes.<\/li>\n\n\n\n<li>Executar manuten\u00e7\u00e3o preventiva e corretiva de acordo com diagn\u00f3sticos em sistemas el\u00e9tricos e mec\u00e2nicos em ve\u00edculos automotores com ciclo otto e\/ou diesel por meio de ferramentas e instrumentos de medi\u00e7\u00e3o, atendendo \u00e0s normas e aos padr\u00f5es t\u00e9cnicos de qualidade, sa\u00fade e seguran\u00e7a e de meio ambiente.<\/li>\n\n\n\n<li>Controlar a emiss\u00e3o de gases poluentes e reparar defeitos eletr\u00f4nicos como uso de dispositivos de teste e\/ou scanners.<\/li>\n\n\n\n<li>Identificar a conformidade de documenta\u00e7\u00f5es legais que permitam que o ve\u00edculo esteja apto a ser utilizado em vias p\u00fablicas.<\/li>\n\n\n\n<li>Reconhecer tecnologias inovadoras presentes no segmento, tais como ve\u00edculos el\u00e9tricos e h\u00edbridos.<\/li>\n\n\n\n<li>Reconhecer tecnologias inovadoras presentes no segmento visando a atender \u00e0s transforma\u00e7\u00f5es digitais na sociedade.<\/li>\n<\/ul>\n\n\n\n<h3 class=\"wp-block-heading\"><strong>Para atua\u00e7\u00e3o como T\u00e9cnico em Manuten\u00e7\u00e3o Automotiva, s\u00e3o fundamentais:<\/strong><\/h3>\n\n\n\n<ul class=\"wp-block-list\">\n<li>Conhecimentos e saberes relacionados aos processos de manuten\u00e7\u00e3o de ve\u00edculos automotivos de modo a assegurar a sa\u00fade e a seguran\u00e7a dos trabalhadores e dos usu\u00e1rios.<\/li>\n\n\n\n<li>Conhecimentos e saberes relacionados \u00e0 sustentabilidade dos processos, \u00e0s normas t\u00e9cnicas, \u00e0 lideran\u00e7a de equipes, \u00e0 solu\u00e7\u00e3o de problemas t\u00e9cnicos e trabalhistas e \u00e0 gest\u00e3o de conflitos.<\/li>\n<\/ul>\n\n\n\n<h3 class=\"wp-block-heading\"><strong>Eixo Tecnol\u00f3gico<\/strong><\/h3>\n\n\n\n<p>Eixo de Controle e Processos Industriais<\/p>\n\n\n\n<h3 class=\"wp-block-heading\"><strong>\u00c1rea Tecnol\u00f3gica<\/strong><\/h3>\n\n\n\n<p>Manuten\u00e7\u00e3o e Opera\u00e7\u00e3o<\/p>\n\n\n\n<h3 class=\"wp-block-heading\"><strong>Carga Hor\u00e1ria M\u00ednima<\/strong><\/h3>\n\n\n\n<p><\/p>\n\n\n\n<h3 class=\"wp-block-heading\"><strong>Pr\u00e9-requisito para Ingresso<\/strong><\/h3>\n\n\n\n<p>Para ingresso no Curso T\u00e9cnico Subsequente, o estudante dever\u00e1 ter conclu\u00eddo o Ensino M\u00e9dio.<\/p>\n\n\n\n<p>Para ingresso no Curso T\u00e9cnico Integrado ao Ensino M\u00e9dio, o estudante dever\u00e1 ter conclu\u00eddo o Ensino Fundamental.<\/p>\n\n\n\n<p>Para ingresso no Curso T\u00e9cnico Integrado \u00e0 Educa\u00e7\u00e3o de Jovens e Adultos, o estudante dever\u00e1 ter conclu\u00eddo o Ensino Fundamental.<\/p>\n\n\n\n<h3 class=\"wp-block-heading\"><strong>Legisla\u00e7\u00e3o Profissional<\/strong><\/h3>\n\n\n\n<p><a target=\"_blank\" rel=\"noreferrer noopener\" href=\"http:\/\/www.planalto.gov.br\/ccivil_03\/_Ato2015-2018\/2018\/Lei\/L13639.htm\">Lei n\u00ba 13.639, de 26 de mar\u00e7o de 2018<\/a><\/p>\n\n\n\n<p>BRASIL. Lei n\u00ba 13.639, de 26 de mar\u00e7o de 2018. Cria o Conselho Federal dos T\u00e9cnicos Industriais, o Conselho Federal dos T\u00e9cnicos Agr\u00edcolas, os Conselhos Regionais dos T\u00e9cnicos Industriais e os Conselhos Regionais dos T\u00e9cnicos Agr\u00edcolas., autarquias com autonomia administrativa e financeira e com estrutura federativa. Di\u00e1rio Oficial da Uni\u00e3o. Bras\u00edlia, 27 de mar\u00e7o de 2018. Se\u00e7\u00e3o I, pag.1<\/p>\n\n\n\n<p><a target=\"_blank\" rel=\"noreferrer noopener\" href=\"http:\/\/www.planalto.gov.br\/ccivil_03\/LEIS\/L5524.htm\">Lei n\u00ba 5.524, de 5 de novembro de 1968<\/a><\/p>\n\n\n\n<p>BRASIL. Lei n\u00ba 5.524, de 5 de novembro de 1968. Disp\u00f5e s\u00f4bre o exerc\u00edcio da profiss\u00e3o de T\u00e9cnico Industrial de n\u00edvel m\u00e9dio. Di\u00e1rio Oficial da Uni\u00e3o, se\u00e7\u00e3o 1, 6\/11\/1968, p. 9689.<\/p>\n\n\n\n<p><a target=\"_blank\" rel=\"noreferrer noopener\" href=\"http:\/\/www.planalto.gov.br\/ccivil_03\/decreto\/Antigos\/D90922.htm\">Decreto n\u00ba 90.922, de 6 de fevereiro de 1985<\/a><\/p>\n\n\n\n<p>BRASIL. Decreto n\u00ba 90.922, de 6 de fevereiro de 1985. Regulamenta a Lei n\u00ba 5.524, de 05 de novembro de 1968, que disp\u00f5e sobre o exerc\u00edcio da profiss\u00e3o de t\u00e9cnico industrial e t\u00e9cnico agr\u00edcola de n\u00edvel m\u00e9dio ou de 2\u00ba grau. Di\u00e1rio Oficial da Uni\u00e3o, se\u00e7\u00e3o 1, 7\/2\/1985, p. 2194.<\/p>\n\n\n\n<p><a target=\"_blank\" rel=\"noreferrer noopener\" href=\"https:\/\/www.cft.org.br\/resolucoes\/page\/2\/\">Resolu\u00e7\u00e3o n\u00ba 86, de 31 de outubro de 2019<\/a><\/p>\n\n\n\n<p>BRASIL. Resolu\u00e7\u00e3o n\u00ba 86, de 31 de outubro de 2019. Conselho Federal de T\u00e9cnicos Industriais, aprova a tabela de profissionais dos T\u00e9cnicos Industriais no SINCETI. Di\u00e1rio Oficial da Uni\u00e3o. Bras\u00edlia, 06 de dezembro de 2019. Se\u00e7\u00e3o I, pag.4.<\/p>\n\n\n\n<h3 class=\"wp-block-heading\"><strong>Campo de Atua\u00e7\u00e3o<\/strong><\/h3>\n\n\n\n<h3 class=\"wp-block-heading\"><strong>Locais e Ambientes de Trabalho:<\/strong><\/h3>\n\n\n\n<ul class=\"wp-block-list\">\n<li>Montadoras de ve\u00edculos<\/li>\n\n\n\n<li>Concession\u00e1rias e revendas<\/li>\n\n\n\n<li>Oficinas mec\u00e2nicas<\/li>\n\n\n\n<li>Empresas de fabrica\u00e7\u00e3o e comercializa\u00e7\u00e3o de equipamentos, acess\u00f3rios e pe\u00e7as para autom\u00f3veis<\/li>\n\n\n\n<li>Setor de instala\u00e7\u00e3o de equipamentos, dispositivos e acess\u00f3rios em ve\u00edculos automotivos<\/li>\n\n\n\n<li>Empresas de vistorias e certifica\u00e7\u00e3o veicular<\/li>\n\n\n\n<li>Autoel\u00e9tricas<\/li>\n\n\n\n<li>Seguradoras (perito)<\/li>\n\n\n\n<li>Autope\u00e7as e motope\u00e7as<\/li>\n\n\n\n<li>Oficinas de chapea\u00e7\u00e3o e repintura automotiva<\/li>\n\n\n\n<li>Oficinas de motocicleta<\/li>\n\n\n\n<li>Oficinas de prepara\u00e7\u00e3o e customiza\u00e7\u00e3o automotiva<\/li>\n\n\n\n<li>For\u00e7a A\u00e9rea Brasileira<\/li>\n<\/ul>\n\n\n\n<h3 class=\"wp-block-heading\"><strong>Ocupa\u00e7\u00e3o CBO Associadas<\/strong><\/h3>\n\n\n\n<p>3143-05 &#8211; T\u00e9cnico em Automobil\u00edstica<\/p>\n\n\n\n<p>3144-05 &#8211; T\u00e9cnico de Manuten\u00e7\u00e3o de Sistemas e Instrumentos<\/p>\n\n\n\n<p><\/p>\n","protected":false},"excerpt":{"rendered":"<p>Plano de Curso em Manuten\u00e7\u00e3o Automotiva Matriz Curricular do Curso T\u00e9cnico em Manuten\u00e7\u00e3o Automotiva O T\u00e9cnico em Manuten\u00e7\u00e3o Automotiva ser\u00e1 habilitado para: Para atua\u00e7\u00e3o como T\u00e9cnico em Manuten\u00e7\u00e3o Automotiva, s\u00e3o fundamentais: Eixo Tecnol\u00f3gico Eixo de Controle e Processos Industriais \u00c1rea Tecnol\u00f3gica Manuten\u00e7\u00e3o e Opera\u00e7\u00e3o Carga Hor\u00e1ria M\u00ednima Pr\u00e9-requisito para Ingresso Para ingresso no Curso T\u00e9cnico [&hellip;]<\/p>\n","protected":false},"author":1,"featured_media":0,"parent":17,"menu_order":0,"comment_status":"closed","ping_status":"closed","template":"","meta":{"footnotes":""},"class_list":["post-82","page","type-page","status-publish","hentry"],"_links":{"self":[{"href":"http:\/\/ceepcuritiba.com.br\/novo\/index.php?rest_route=\/wp\/v2\/pages\/82"}],"collection":[{"href":"http:\/\/ceepcuritiba.com.br\/novo\/index.php?rest_route=\/wp\/v2\/pages"}],"about":[{"href":"http:\/\/ceepcuritiba.com.br\/novo\/index.php?rest_route=\/wp\/v2\/types\/page"}],"author":[{"embeddable":true,"href":"http:\/\/ceepcuritiba.com.br\/novo\/index.php?rest_route=\/wp\/v2\/users\/1"}],"replies":[{"embeddable":true,"href":"http:\/\/ceepcuritiba.com.br\/novo\/index.php?rest_route=%2Fwp%2Fv2%2Fcomments&post=82"}],"version-history":[{"count":4,"href":"http:\/\/ceepcuritiba.com.br\/novo\/index.php?rest_route=\/wp\/v2\/pages\/82\/revisions"}],"predecessor-version":[{"id":171,"href":"http:\/\/ceepcuritiba.com.br\/novo\/index.php?rest_route=\/wp\/v2\/pages\/82\/revisions\/171"}],"up":[{"embeddable":true,"href":"http:\/\/ceepcuritiba.com.br\/novo\/index.php?rest_route=\/wp\/v2\/pages\/17"}],"wp:attachment":[{"href":"http:\/\/ceepcuritiba.com.br\/novo\/index.php?rest_route=%2Fwp%2Fv2%2Fmedia&parent=82"}],"curies":[{"name":"wp","href":"https:\/\/api.w.org\/{rel}","templated":true}]}}