{"id":79,"date":"2024-10-07T20:01:43","date_gmt":"2024-10-07T23:01:43","guid":{"rendered":"http:\/\/ceepcuritiba.com.br\/novo\/?page_id=79"},"modified":"2024-10-15T19:50:14","modified_gmt":"2024-10-15T22:50:14","slug":"curso-tecnico-em-farmacia","status":"publish","type":"page","link":"http:\/\/ceepcuritiba.com.br\/novo\/?page_id=79","title":{"rendered":"CURSO T\u00c9CNICO EM FARM\u00c1CIA"},"content":{"rendered":"\n<div class=\"wp-block-cover has-parallax\" style=\"min-height:143px;aspect-ratio:unset;\"><span aria-hidden=\"true\" class=\"wp-block-cover__background has-background-dim\"><\/span><div class=\"wp-block-cover__image-background wp-image-41 has-parallax\" style=\"background-position:50% 50%;background-image:url(http:\/\/ceepcuritiba.com.br\/novo\/wp-content\/uploads\/2024\/10\/farmacia-1024x491.jpg)\"><\/div><div class=\"wp-block-cover__inner-container is-layout-flow wp-block-cover-is-layout-flow\">\n<p class=\"has-text-align-center has-large-font-size\">CURSO T\u00c9CNICO EM FARM\u00c1CIA<\/p>\n<\/div><\/div>\n\n\n\n<h2 class=\"wp-block-heading\"><strong><a href=\"http:\/\/ceepcuritiba.com.br\/novo\/wp-content\/uploads\/2024\/10\/PC_Farmacia.pdf\">Plano de Curso em Farm\u00e1cia<\/a><\/strong><\/h2>\n\n\n\n<h2 class=\"wp-block-heading\"><strong><a href=\"http:\/\/ceepcuritiba.com.br\/novo\/wp-content\/uploads\/2024\/10\/MATRIZ_CURRICULAR_FARMACIA.pdf\">Matriz Curricular do Curso de Farm\u00e1cia<\/a><\/strong><\/h2>\n\n\n\n<p><\/p>\n\n\n\n<p><\/p>\n\n\n\n<h2 class=\"wp-block-heading\"><strong>O T\u00e9cnico em Farm\u00e1cia ser\u00e1 habilitado para:<\/strong><\/h2>\n\n\n\n<ul class=\"wp-block-list\">\n<li>Atender, sob a supervis\u00e3o do farmac\u00eautico, as prescri\u00e7\u00f5es de medicamentos e cosm\u00e9ticos, interpretando a prescri\u00e7\u00e3o, separando e fornecendo o produto solicitado e encaminhando ao farmac\u00eautico casos espec\u00edficos.<\/li>\n\n\n\n<li>Auxiliar em processos administrativos relacionados ao \u00e2mbito farmac\u00eautico.<\/li>\n\n\n\n<li>Auxiliar na produ\u00e7\u00e3o e controle de log\u00edstica de produtos em ind\u00fastrias farmac\u00eauticas e afins.<\/li>\n\n\n\n<li>Executar, como auxiliar, as rotinas de compra, armazenamento e entrega de produtos farmac\u00eauticos e correlatos.<\/li>\n\n\n\n<li>Identificar e classificar produtos e formas farmac\u00eauticas.<\/li>\n\n\n\n<li>Participar da rotina de testes em laborat\u00f3rios de pesquisa vinculados a universidades, faculdades, institutos de pesquisa e ind\u00fastrias farmac\u00eauticas.<\/li>\n\n\n\n<li>Realizar o controle e manuten\u00e7\u00e3o do estoque de produtos e mat\u00e9rias-primas farmac\u00eauticas.<\/li>\n\n\n\n<li>Realizar opera\u00e7\u00f5es farmacot\u00e9cnicas, manipula\u00e7\u00e3o de formas farmac\u00eauticas (alop\u00e1ticas, fitoter\u00e1picas, homeop\u00e1ticas, cosm\u00e9ticas e correlatos).<\/li>\n\n\n\n<li>Realizar testes de controle de qualidade e seguran\u00e7a.<\/li>\n<\/ul>\n\n\n\n<h3 class=\"wp-block-heading\"><strong>Para a atua\u00e7\u00e3o como T\u00e9cnico em Farm\u00e1cia, s\u00e3o fundamentais:<\/strong><\/h3>\n\n\n\n<ul class=\"wp-block-list\">\n<li>Conhecimento das pol\u00edticas p\u00fablicas de sa\u00fade: organiza\u00e7\u00e3o, princ\u00edpios e diretrizes do Sistema \u00danico de Sa\u00fade (SUS).<\/li>\n\n\n\n<li>Conhecimentos e saberes relacionados aos princ\u00edpios das t\u00e9cnicas aplicadas na \u00e1rea, sempre pautados numa postura humana e \u00e9tica.<\/li>\n\n\n\n<li>Conhecimentos e saberes relacionados a processos de produ\u00e7\u00e3o, sustentabilidade e log\u00edstica.<\/li>\n\n\n\n<li>Resolu\u00e7\u00e3o de situa\u00e7\u00f5es-problema, comunica\u00e7\u00e3o, trabalho em equipe e interdisciplinar, tecnologias da informa\u00e7\u00e3o e da comunica\u00e7\u00e3o, gest\u00e3o de conflitos e \u00e9tica profissional.<\/li>\n\n\n\n<li>Organiza\u00e7\u00e3o e responsabilidade.<\/li>\n\n\n\n<li>Iniciativa social.<\/li>\n\n\n\n<li>Determina\u00e7\u00e3o e criatividade, buscando promover a humaniza\u00e7\u00e3o da assist\u00eancia.<\/li>\n\n\n\n<li>Atualiza\u00e7\u00e3o e aperfei\u00e7oamento profissional por meio da Educa\u00e7\u00e3o Continuada.<\/li>\n<\/ul>\n\n\n\n<h3 class=\"wp-block-heading\"><strong>Eixo Tecnol\u00f3gico<\/strong><\/h3>\n\n\n\n<p>Eixo de Ambiente e Sa\u00fade<\/p>\n\n\n\n<h3 class=\"wp-block-heading\"><strong>\u00c1rea Tecnol\u00f3gica<\/strong><\/h3>\n\n\n\n<p>Gest\u00e3o e Promo\u00e7\u00e3o da Sa\u00fade e Bem-Estar<\/p>\n\n\n\n<h3 class=\"wp-block-heading\"><strong>Carga Hor\u00e1ria M\u00ednima<\/strong><\/h3>\n\n\n\n<p><\/p>\n\n\n\n<h3 class=\"wp-block-heading\"><strong>Pr\u00e9-requisito para Ingresso<\/strong><\/h3>\n\n\n\n<p>Para ingresso no Curso T\u00e9cnico Subsequente, o estudante dever\u00e1 ter conclu\u00eddo o Ensino M\u00e9dio.<\/p>\n\n\n\n<p>Para ingresso no Curso T\u00e9cnico Integrado ao Ensino M\u00e9dio, o estudante dever\u00e1 ter conclu\u00eddo o Ensino Fundamental.<\/p>\n\n\n\n<p>Para ingresso no Curso T\u00e9cnico Integrado \u00e0 Educa\u00e7\u00e3o de Jovens e Adultos, o estudante dever\u00e1 ter conclu\u00eddo o Ensino Fundamental.<\/p>\n\n\n\n<h3 class=\"wp-block-heading\"><strong>Legisla\u00e7\u00e3o Profissional<\/strong><\/h3>\n\n\n\n<p><strong>1. Lei n\u00ba 3.820\/1960 &#8211; Cria\u00e7\u00e3o dos Conselhos Federal e Regionais de Farm\u00e1cia<\/strong><\/p>\n\n\n\n<p>Essa lei criou o <strong>Conselho Federal de Farm\u00e1cia (CFF)<\/strong> e os <strong>Conselhos Regionais de Farm\u00e1cia (CRFs)<\/strong>, que s\u00e3o os \u00f3rg\u00e3os respons\u00e1veis por regulamentar e fiscalizar o exerc\u00edcio das profiss\u00f5es farmac\u00eauticas no Brasil.<\/p>\n\n\n\n<p><strong>2. Lei n\u00ba 13.021\/2014 &#8211; Atribui\u00e7\u00f5es e exig\u00eancias em farm\u00e1cias<\/strong><\/p>\n\n\n\n<p>A lei define que a farm\u00e1cia \u00e9 um estabelecimento de sa\u00fade e determina que a responsabilidade t\u00e9cnica deve ser assumida por um farmac\u00eautico. Os t\u00e9cnicos em farm\u00e1cia atuam sob supervis\u00e3o do farmac\u00eautico, auxiliando na manipula\u00e7\u00e3o de medicamentos, organiza\u00e7\u00e3o de estoques e atendimento ao p\u00fablico.<\/p>\n\n\n\n<p><strong>3. Resolu\u00e7\u00e3o CFF n\u00ba 681\/2021 &#8211; Atribui\u00e7\u00f5es do T\u00e9cnico em Farm\u00e1cia<\/strong><\/p>\n\n\n\n<p>Essa resolu\u00e7\u00e3o estabelece as <strong>atribui\u00e7\u00f5es e responsabilidades<\/strong> dos t\u00e9cnicos em farm\u00e1cia, que incluem:<\/p>\n\n\n\n<ul class=\"wp-block-list\">\n<li>Atuar sob supervis\u00e3o de um farmac\u00eautico.<\/li>\n\n\n\n<li>Participar do controle de qualidade de insumos farmac\u00eauticos e medicamentos.<\/li>\n\n\n\n<li>Auxiliar na dispensa\u00e7\u00e3o de medicamentos, conferindo e organizando os produtos.<\/li>\n\n\n\n<li>Auxiliar nas rotinas de manipula\u00e7\u00e3o de f\u00f3rmulas farmac\u00eauticas, tanto em farm\u00e1cias quanto em laborat\u00f3rios.<\/li>\n\n\n\n<li>Atuar em processos administrativos relacionados ao controle de estoque, armazenamento e distribui\u00e7\u00e3o de medicamentos.<\/li>\n<\/ul>\n\n\n\n<p><strong>4. Resolu\u00e7\u00e3o CFF n\u00ba 700\/2021 &#8211; Supervis\u00e3o do farmac\u00eautico<\/strong><\/p>\n\n\n\n<p>Esta resolu\u00e7\u00e3o define a necessidade de <strong>supervis\u00e3o direta e cont\u00ednua<\/strong> de um farmac\u00eautico para os t\u00e9cnicos em farm\u00e1cia, sendo este o respons\u00e1vel pela orienta\u00e7\u00e3o e controle das atividades realizadas pelos t\u00e9cnicos.<\/p>\n\n\n\n<p><strong>5. Lei n\u00ba 5.991\/1973 &#8211; Controle sanit\u00e1rio<\/strong><\/p>\n\n\n\n<p>Essa legisla\u00e7\u00e3o regula o <strong>controle sanit\u00e1rio do com\u00e9rcio de medicamentos<\/strong>, estipulando regras para a venda, armazenamento e manipula\u00e7\u00e3o de medicamentos, atividades nas quais o t\u00e9cnico em farm\u00e1cia tem um papel importante.<\/p>\n\n\n\n<p><strong>6. Portaria MS n\u00ba 344\/1998 &#8211; Subst\u00e2ncias controladas<\/strong><\/p>\n\n\n\n<p>A portaria regulamenta o controle e a fiscaliza\u00e7\u00e3o de subst\u00e2ncias e medicamentos sujeitos a controle especial, incluindo o manuseio e a dispensa\u00e7\u00e3o desses medicamentos, tarefas nas quais os t\u00e9cnicos em farm\u00e1cia tamb\u00e9m podem atuar, sempre sob a supervis\u00e3o de um farmac\u00eautico.<\/p>\n\n\n\n<h3 class=\"wp-block-heading\"><strong>Itiner\u00e1rios Formativos<\/strong><\/h3>\n\n\n\n<h3 class=\"wp-block-heading\"><strong><strong>Sugest\u00f5es de qualifica\u00e7\u00e3o profissional com certifica\u00e7\u00f5es intermedi\u00e1rias, no curso t\u00e9cnico, considerando ocupa\u00e7\u00f5es previstas na CBO:<\/strong><\/strong><\/h3>\n\n\n\n<ul class=\"wp-block-list\">\n<li>Auxiliar de Farm\u00e1cia de Manipula\u00e7\u00e3o<\/li>\n\n\n\n<li>Auxiliar de Farm\u00e1cia sem manipula\u00e7\u00e3o (Drogaria\/Drugstore)<\/li>\n<\/ul>\n\n\n\n<h3 class=\"wp-block-heading\"><strong><strong>Sugest\u00f5es de forma\u00e7\u00e3o continuada em cursos de especializa\u00e7\u00e3o t\u00e9cnica (p\u00f3s-t\u00e9cnico):<\/strong><\/strong><\/h3>\n\n\n\n<ul class=\"wp-block-list\">\n<li>Especializa\u00e7\u00e3o T\u00e9cnica em Controle da Qualidade e Seguran\u00e7a em Farm\u00e1cia<\/li>\n\n\n\n<li>Especializa\u00e7\u00e3o T\u00e9cnica em Farm\u00e1cia Hospitalar<\/li>\n\n\n\n<li>Especializa\u00e7\u00e3o T\u00e9cnica em Farm\u00e1cia de Manipula\u00e7\u00e3o<\/li>\n\n\n\n<li>Especializa\u00e7\u00e3o T\u00e9cnica em Farm\u00e1cia sem Manipula\u00e7\u00e3o (Drogaria\/Drugstore)<\/li>\n\n\n\n<li>Especializa\u00e7\u00e3o T\u00e9cnica em Laborat\u00f3rio<\/li>\n<\/ul>\n\n\n\n<h3 class=\"wp-block-heading\"><strong><strong>Sugest\u00f5es de verticaliza\u00e7\u00e3o para cursos de gradua\u00e7\u00e3o (Curso Superior de Tecnologia, bacharelado e licenciatura):<\/strong><\/strong><\/h3>\n\n\n\n<ul class=\"wp-block-list\">\n<li>Curso Superior de Tecnologia em Gest\u00e3o Hospitalar<\/li>\n\n\n\n<li>Curso Superior de Tecnologia em Processos Qu\u00edmicos<\/li>\n\n\n\n<li>Bacharelado em Farm\u00e1cia<\/li>\n\n\n\n<li>Bacharelado em Qu\u00edmica<\/li>\n\n\n\n<li>Curso Superior de Tecnologia em An\u00e1lises Cl\u00ednicas e Toxicol\u00f3gicas<\/li>\n\n\n\n<li>Bacharelado em Medicina<\/li>\n\n\n\n<li>Bacharelado em Odontologia<\/li>\n\n\n\n<li>Bacharelado em Psicologia<\/li>\n\n\n\n<li>Bacharelado em Enfermagem<\/li>\n\n\n\n<li>Bacharelado em Biomedicina<\/li>\n\n\n\n<li>Bacharelado em Nutri\u00e7\u00e3o<\/li>\n\n\n\n<li>Bacharelado em Ci\u00eancias Biol\u00f3gicas<\/li>\n\n\n\n<li>Bacharelado em Biotecnologia<\/li>\n<\/ul>\n\n\n\n<h3 class=\"wp-block-heading\"><strong>Campo de Atua\u00e7\u00e3o<\/strong><\/h3>\n\n\n\n<h3 class=\"wp-block-heading\"><strong>Locais e Ambientes de Trabalho<\/strong><\/h3>\n\n\n\n<ul class=\"wp-block-list\">\n<li>Distribuidoras de Medicamentos, Insumos e Correlatos<\/li>\n\n\n\n<li>Drogarias\/Drugstore<\/li>\n\n\n\n<li>Farm\u00e1cias de Manipula\u00e7\u00e3o<\/li>\n\n\n\n<li>Farm\u00e1cias Homeop\u00e1ticas<\/li>\n\n\n\n<li>Farm\u00e1cias Hospitalares<\/li>\n\n\n\n<li>Ind\u00fastrias de Cosm\u00e9ticos<\/li>\n\n\n\n<li>Ind\u00fastrias Farmac\u00eauticas<\/li>\n\n\n\n<li>Ind\u00fastrias Qu\u00edmicofarmac\u00eauticas<\/li>\n\n\n\n<li>Laborat\u00f3rios de Pesquisa (Vinculados a Universidades, Faculdades, Institutos de Pesquisa)<\/li>\n\n\n\n<li>Unidades B\u00e1sicas de Sa\u00fade<\/li>\n\n\n\n<li>Unidades de Dispensa\u00e7\u00e3o, An\u00e1lises Cl\u00ednicas e coleta dos Sus<\/li>\n<\/ul>\n\n\n\n<h3 class=\"wp-block-heading\"><strong>Ocupa\u00e7\u00f5es CBO Associadas<\/strong><\/h3>\n\n\n\n<p>3251-15 &#8211; T\u00e9cnico em Farm\u00e1cia<\/p>\n\n\n\n<p>3251-05 &#8211; Auxiliar T\u00e9cnico em Laborat\u00f3rio de Farm\u00e1cia<\/p>\n\n\n\n<p>3251-10 &#8211; T\u00e9cnico em Laborat\u00f3rio de Farm\u00e1cia<\/p>\n\n\n\n<p><\/p>\n","protected":false},"excerpt":{"rendered":"<p>Plano de Curso em Farm\u00e1cia Matriz Curricular do Curso de Farm\u00e1cia O T\u00e9cnico em Farm\u00e1cia ser\u00e1 habilitado para: Para a atua\u00e7\u00e3o como T\u00e9cnico em Farm\u00e1cia, s\u00e3o fundamentais: Eixo Tecnol\u00f3gico Eixo de Ambiente e Sa\u00fade \u00c1rea Tecnol\u00f3gica Gest\u00e3o e Promo\u00e7\u00e3o da Sa\u00fade e Bem-Estar Carga Hor\u00e1ria M\u00ednima Pr\u00e9-requisito para Ingresso Para ingresso no Curso T\u00e9cnico Subsequente, [&hellip;]<\/p>\n","protected":false},"author":1,"featured_media":0,"parent":17,"menu_order":0,"comment_status":"closed","ping_status":"closed","template":"","meta":{"footnotes":""},"class_list":["post-79","page","type-page","status-publish","hentry"],"_links":{"self":[{"href":"http:\/\/ceepcuritiba.com.br\/novo\/index.php?rest_route=\/wp\/v2\/pages\/79"}],"collection":[{"href":"http:\/\/ceepcuritiba.com.br\/novo\/index.php?rest_route=\/wp\/v2\/pages"}],"about":[{"href":"http:\/\/ceepcuritiba.com.br\/novo\/index.php?rest_route=\/wp\/v2\/types\/page"}],"author":[{"embeddable":true,"href":"http:\/\/ceepcuritiba.com.br\/novo\/index.php?rest_route=\/wp\/v2\/users\/1"}],"replies":[{"embeddable":true,"href":"http:\/\/ceepcuritiba.com.br\/novo\/index.php?rest_route=%2Fwp%2Fv2%2Fcomments&post=79"}],"version-history":[{"count":6,"href":"http:\/\/ceepcuritiba.com.br\/novo\/index.php?rest_route=\/wp\/v2\/pages\/79\/revisions"}],"predecessor-version":[{"id":192,"href":"http:\/\/ceepcuritiba.com.br\/novo\/index.php?rest_route=\/wp\/v2\/pages\/79\/revisions\/192"}],"up":[{"embeddable":true,"href":"http:\/\/ceepcuritiba.com.br\/novo\/index.php?rest_route=\/wp\/v2\/pages\/17"}],"wp:attachment":[{"href":"http:\/\/ceepcuritiba.com.br\/novo\/index.php?rest_route=%2Fwp%2Fv2%2Fmedia&parent=79"}],"curies":[{"name":"wp","href":"https:\/\/api.w.org\/{rel}","templated":true}]}}