{"id":76,"date":"2024-10-07T19:49:59","date_gmt":"2024-10-07T22:49:59","guid":{"rendered":"http:\/\/ceepcuritiba.com.br\/novo\/?page_id=76"},"modified":"2024-10-15T19:27:00","modified_gmt":"2024-10-15T22:27:00","slug":"curso-tecnico-em-eletronica","status":"publish","type":"page","link":"http:\/\/ceepcuritiba.com.br\/novo\/?page_id=76","title":{"rendered":"CURSO T\u00c9CNICO EM ELETR\u00d4NICA"},"content":{"rendered":"\n<div class=\"wp-block-cover has-parallax\" style=\"min-height:142px;aspect-ratio:unset;\"><span aria-hidden=\"true\" class=\"wp-block-cover__background has-background-dim\"><\/span><div class=\"wp-block-cover__image-background wp-image-40 has-parallax\" style=\"background-position:50% 50%;background-image:url(http:\/\/ceepcuritiba.com.br\/novo\/wp-content\/uploads\/2024\/10\/eletronica-1024x491.jpg)\"><\/div><div class=\"wp-block-cover__inner-container is-layout-flow wp-block-cover-is-layout-flow\">\n<p class=\"has-text-align-center has-large-font-size\">T\u00c9CNICO EM ELETR\u00d4NICA<\/p>\n<\/div><\/div>\n\n\n\n<h2 class=\"wp-block-heading\"><strong><a href=\"http:\/\/ceepcuritiba.com.br\/novo\/wp-content\/uploads\/2024\/10\/PC_Eletronica.pdf\">Plano de Curso em Eletr\u00f4nica<\/a><\/strong><\/h2>\n\n\n\n<h2 class=\"wp-block-heading\"><strong><a href=\"http:\/\/ceepcuritiba.com.br\/novo\/wp-content\/uploads\/2024\/10\/MATRIZ_CURRICULAR_ELETRONICA.pdf\">Matriz Curricular do Curso de Eletr\u00f4nica a partir de 2023<\/a><\/strong><\/h2>\n\n\n\n<h2 class=\"wp-block-heading\"><strong>O T\u00e9cnico em Eletr\u00f4nica ser\u00e1 habilitado para:<br><\/strong><\/h2>\n\n\n\n<ul class=\"wp-block-list\">\n<li>Planejar, controlar e executar projetos eletr\u00f4nicos com dispositivos e tecnologias relacionadas \u00e0s \u00e1reas de eletr\u00f4nica anal\u00f3gica, digital, de pot\u00eancia e microcontrolados.<\/li>\n\n\n\n<li>Executar e supervisionar a instala\u00e7\u00e3o e a manuten\u00e7\u00e3o de equipamentos e sistemas eletr\u00f4nicos e robotizados, inclusive de telemetria e telecomunica\u00e7\u00f5es, considerando as normas, os padr\u00f5es e os requisitos t\u00e9cnicos de qualidade, sa\u00fade e seguran\u00e7a e de meio ambiente.<\/li>\n\n\n\n<li>Realizar medi\u00e7\u00f5es, testes, calibra\u00e7\u00f5es e comissionamento de equipamentos eletr\u00f4nicos.<\/li>\n\n\n\n<li>Reconhecer tecnologias inovadoras presentes no segmento visando a atender \u00e0s transforma\u00e7\u00f5es digitais na sociedade.<\/li>\n<\/ul>\n\n\n\n<h3 class=\"wp-block-heading\"><strong>Para atua\u00e7\u00e3o como T\u00e9cnico em Eletr\u00f4nica, s\u00e3o fundamentais:<\/strong><\/h3>\n\n\n\n<ul class=\"wp-block-list\">\n<li>Conhecimentos e saberes relacionados aos processos de planejamento e implementa\u00e7\u00e3o de sistema eletr\u00f4nicos de modo a assegurar a sa\u00fade e a seguran\u00e7a dos trabalhadores e dos usu\u00e1rios.<\/li>\n\n\n\n<li>Conhecimentos e saberes relacionados \u00e0 sustentabilidade do processo produtivo, \u00e0s t\u00e9cnicas e processos de produ\u00e7\u00e3o, \u00e0s normas t\u00e9cnicas, \u00e0 lideran\u00e7a de equipes, \u00e0 solu\u00e7\u00e3o de problemas t\u00e9cnicos e trabalhistas e \u00e0 gest\u00e3o de conflitos.<\/li>\n<\/ul>\n\n\n\n<h3 class=\"wp-block-heading\"><strong>Eixo Tecnol\u00f3gico<\/strong><\/h3>\n\n\n\n<p>Eixo de Controle e Processos Industriais<\/p>\n\n\n\n<h3 class=\"wp-block-heading\"><strong>\u00c1rea Tecnol\u00f3gica<\/strong><\/h3>\n\n\n\n<p>Eletr\u00f4nica e Automa\u00e7\u00e3o<\/p>\n\n\n\n<h3 class=\"wp-block-heading\"><strong>Carga Hor\u00e1ria M\u00ednima<\/strong><\/h3>\n\n\n\n<p><\/p>\n\n\n\n<h3 class=\"wp-block-heading\"><strong>Pr\u00e9-requisitos para Ingresso<\/strong><\/h3>\n\n\n\n<p>Para ingresso no Curso T\u00e9cnico Subsequente, o estudante dever\u00e1 ter conclu\u00eddo o Ensino M\u00e9dio.<\/p>\n\n\n\n<p>Para ingresso no Curso T\u00e9cnico Integrado ao Ensino M\u00e9dio, o estudante dever\u00e1 ter conclu\u00eddo o Ensino Fundamental.<\/p>\n\n\n\n<p>Para ingresso no Curso T\u00e9cnico Integrado \u00e0 Educa\u00e7\u00e3o de Jovens e Adultos, o estudante dever\u00e1 ter conclu\u00eddo o Ensino Fundamental.<\/p>\n\n\n\n<h3 class=\"wp-block-heading\"><strong>Legisla\u00e7\u00e3o Profissional<\/strong><\/h3>\n\n\n\n<p><a target=\"_blank\" rel=\"noreferrer noopener\" href=\"http:\/\/www.planalto.gov.br\/ccivil_03\/decreto\/Antigos\/D90922.htm\">Decreto n\u00ba 90.922, de 6 de fevereiro de 1985<\/a><\/p>\n\n\n\n<p>BRASIL. Decreto n\u00ba 90.922, de 6 de fevereiro de 1985. Regulamenta a Lei n\u00ba 5.524, de 05 de novembro de 1968, que disp\u00f5e sobre o exerc\u00edcio da profiss\u00e3o de t\u00e9cnico industrial e t\u00e9cnico agr\u00edcola de n\u00edvel m\u00e9dio ou de 2\u00ba grau. Di\u00e1rio Oficial da Uni\u00e3o, se\u00e7\u00e3o 1, 7\/2\/1985, p. 2194.<\/p>\n\n\n\n<p><a target=\"_blank\" rel=\"noreferrer noopener\" href=\"http:\/\/www.in.gov.br\/en\/web\/dou\/-\/resolucao-n-100-de-27-de-abril-de-2020-255373376\">Resolu\u00e7\u00e3o n\u00ba 100, de 27 de abril de 2020<\/a><\/p>\n\n\n\n<p>BRASIL. Resolu\u00e7\u00e3o n\u00ba 100, de 27 de abril de 2020. Conselho Federal de T\u00e9cnicos Industriais, estabelece quais profissionais est\u00e3o habilitados a atuar no \u00e2mbito de elabora\u00e7\u00e3o e execu\u00e7\u00e3o de Projetos de Preven\u00e7\u00e3o e Combate a Inc\u00eandio perante o Corpo de Bombeiros. Di\u00e1rio Oficial da Uni\u00e3o. Bras\u00edlia, 06 de maio de 2020. Se\u00e7\u00e3o I, pag.94.<\/p>\n\n\n\n<p><a target=\"_blank\" rel=\"noreferrer noopener\" href=\"http:\/\/www.planalto.gov.br\/ccivil_03\/LEIS\/L5524.htm\">Lei n\u00ba 5.524, de 5 de novembro de 1968<\/a><\/p>\n\n\n\n<p>BRASIL. Lei n\u00ba 5.524, de 5 de novembro de 1968. Disp\u00f5e s\u00f4bre o exerc\u00edcio da profiss\u00e3o de T\u00e9cnico Industrial de n\u00edvel m\u00e9dio. Di\u00e1rio Oficial da Uni\u00e3o, se\u00e7\u00e3o 1, 6\/11\/1968, p. 9689.<\/p>\n\n\n\n<p><a target=\"_blank\" rel=\"noreferrer noopener\" href=\"https:\/\/www.cft.org.br\/resolucoes\/page\/2\/\">Resolu\u00e7\u00e3o n\u00ba 86, de 31 de outubro de 2019<\/a><\/p>\n\n\n\n<p>BRASIL. Resolu\u00e7\u00e3o n\u00ba 86, de 31 de outubro de 2019. Conselho Federal de T\u00e9cnicos Industriais, aprova a tabela de profissionais dos T\u00e9cnicos Industriais no SINCETI. Di\u00e1rio Oficial da Uni\u00e3o. Bras\u00edlia, 06 de dezembro de 2019. Se\u00e7\u00e3o I, pag.4.<\/p>\n\n\n\n<p><a target=\"_blank\" rel=\"noreferrer noopener\" href=\"http:\/\/www.planalto.gov.br\/ccivil_03\/_Ato2015-2018\/2018\/Lei\/L13639.htm\">Lei n\u00ba 13.639, de 26 de mar\u00e7o de 2018<\/a><\/p>\n\n\n\n<p>BRASIL. Lei n\u00ba 13.639, de 26 de mar\u00e7o de 2018. Cria o Conselho Federal dos T\u00e9cnicos Industriais, o Conselho Federal dos T\u00e9cnicos Agr\u00edcolas, os Conselhos Regionais dos T\u00e9cnicos Industriais e os Conselhos Regionais dos T\u00e9cnicos Agr\u00edcolas., autarquias com autonomia administrativa e financeira e com estrutura federativa. Di\u00e1rio Oficial da Uni\u00e3o. Bras\u00edlia, 27 de mar\u00e7o de 2018. Se\u00e7\u00e3o I, pag.1<\/p>\n\n\n\n<p><a target=\"_blank\" rel=\"noreferrer noopener\" href=\"http:\/\/www.planalto.gov.br\/ccivil_03\/decreto\/2002\/D4560.htm\">Decreto 4.560, de 30 de dezembro de 2002<\/a><\/p>\n\n\n\n<p>BRASIL. Decreto 4.560, de 30 de dezembro de 2002. Altera o Decreto n\u00ba 90.922, de 6 de fevereiro de 1985, que regulamenta a Lei n\u00ba 5.524, de 5 de novembro de 1968, que disp\u00f5e sobre o exerc\u00edcio da profiss\u00e3o de T\u00e9cnico Industrial e T\u00e9cnico Agr\u00edcola de n\u00edvel m\u00e9dio ou de 2\u00ba grau. Di\u00e1rio Oficial da Uni\u00e3o, se\u00e7\u00e3o 1, 31\/12\/2002, p. 7.<\/p>\n\n\n\n<h3 class=\"wp-block-heading\"><strong>Itiner\u00e1rios Formativos<\/strong><\/h3>\n\n\n\n<h3 class=\"wp-block-heading\"><strong>Sugest\u00f5es de qualifica\u00e7\u00e3o profissional com certifica\u00e7\u00f5es inermedi\u00e1rias, no curso t\u00e9cnico, considerando ocupa\u00e7\u00f5es previstas na CBO:<\/strong><\/h3>\n\n\n\n<ul class=\"wp-block-list\">\n<li>Montador de Equipamentos Eletroeletr\u00f4nicos<\/li>\n\n\n\n<li>Operador em Linha de Montagem de Equipamentos Eletroeletr\u00f4nicos<\/li>\n\n\n\n<li>Reparador de Circuitos Eletr\u00f4nicos<\/li>\n\n\n\n<li>Eletr\u00f4nico de Sistemas Industriais Microcontrolados<\/li>\n<\/ul>\n\n\n\n<h3 class=\"wp-block-heading\"><strong><strong>Sugest\u00f5es de forma\u00e7\u00e3o continuada em cursos de especializa\u00e7\u00e3o t\u00e9cnica (p\u00f3s-t\u00e9cnico):<\/strong><\/strong><\/h3>\n\n\n\n<ul class=\"wp-block-list\">\n<li>Especializa\u00e7\u00e3o T\u00e9cnica em Manuten\u00e7\u00e3o de Equipamentos de<\/li>\n\n\n\n<li>Energias Alternativas<\/li>\n\n\n\n<li>Especializa\u00e7\u00e3o T\u00e9cnica em Automa\u00e7\u00e3o Predial, Residencial e Industrial<\/li>\n\n\n\n<li>Especializa\u00e7\u00e3o T\u00e9cnica em Automa\u00e7\u00e3o com Dispositivos de Telemetria e Telecomunica\u00e7\u00f5es<\/li>\n\n\n\n<li>Especializa\u00e7\u00e3o T\u00e9cnica em Automa\u00e7\u00e3o Predial (Dom\u00f3tica)<\/li>\n\n\n\n<li>Especializa\u00e7\u00e3o T\u00e9cnica em Redes Industriais<\/li>\n\n\n\n<li>Especializa\u00e7\u00e3o T\u00e9cnica em Acionamentos de Servomotores Industriais<\/li>\n\n\n\n<li>Especializa\u00e7\u00e3o T\u00e9cnica em Rob\u00f3tica Industrial<\/li>\n\n\n\n<li>Especializa\u00e7\u00e3o T\u00e9cnica em Efici\u00eancia Energ\u00e9tica em Edifica\u00e7\u00f5es<\/li>\n\n\n\n<li>Especializa\u00e7\u00e3o T\u00e9cnica em Efici\u00eancia Energ\u00e9tica Industrial<\/li>\n\n\n\n<li>Especializa\u00e7\u00e3o T\u00e9cnica em Energia Solar Fotovoltaica<\/li>\n<\/ul>\n\n\n\n<h3 class=\"wp-block-heading\"><strong><strong>Sugest\u00f5es de verticaliza\u00e7\u00e3o para cursos de gradua\u00e7\u00e3o (Curso Superior de Tecnologia, Bacharelado e Licenciatura):<\/strong><\/strong><\/h3>\n\n\n\n<ul class=\"wp-block-list\">\n<li>Curso Superior de Tecnologia em Automa\u00e7\u00e3o Industrial<\/li>\n\n\n\n<li>Curso Superior de Tecnologia em Eletr\u00f4nica Industrial<\/li>\n\n\n\n<li>Curso Superior de Tecnologia em Eletrot\u00e9cnica Industrial<\/li>\n\n\n\n<li>Curso Superior de Tecnologia em Manuten\u00e7\u00e3o Industrial<\/li>\n\n\n\n<li>Curso Superior de Tecnologia em Mecatr\u00f4nica Industrial<\/li>\n\n\n\n<li>Curso Superior de Tecnologia em Sistemas El\u00e9tricos<\/li>\n\n\n\n<li>Bacharelado em Engenharia Eletr\u00f4nica<\/li>\n\n\n\n<li>Bacharelado em Engenharia El\u00e9trica<\/li>\n\n\n\n<li>Bacharelado em Engenharia de Automa\u00e7\u00e3o<\/li>\n\n\n\n<li>Bacharelado em Engenharia de Telecomunica\u00e7\u00f5es<\/li>\n\n\n\n<li>Bacharelado em Engenharia Mecatr\u00f4nica<\/li>\n\n\n\n<li>Bacharelado em Engenharia de Computa\u00e7\u00e3o<\/li>\n<\/ul>\n\n\n\n<h3 class=\"wp-block-heading\"><strong>Campo de Atua\u00e7\u00e3o<\/strong><\/h3>\n\n\n\n<h3 class=\"wp-block-heading\"><strong>Locais e Ambientes de Trabalho:<\/strong><\/h3>\n\n\n\n<ul class=\"wp-block-list\">\n<li>Empresas que atuam na instala\u00e7\u00e3o, manuten\u00e7\u00e3o de inform\u00e1tica e de produtos eletr\u00f4nicos, comercializa\u00e7\u00e3o e utiliza\u00e7\u00e3o de equipamentos e sistemas eletr\u00f4nicos e robotizados<\/li>\n\n\n\n<li>Grupos de pesquisa e laborat\u00f3rios que desenvolvam projetos na \u00e1rea de sistemas eletr\u00f4nicos<\/li>\n\n\n\n<li>Laborat\u00f3rios de controle de qualidade, calibra\u00e7\u00e3o e manuten\u00e7\u00e3o, concession\u00e1rias e prestadores de servi\u00e7os de eletr\u00f4nica e telecomunica\u00e7\u00f5es<\/li>\n<\/ul>\n\n\n\n<h3 class=\"wp-block-heading\"><strong>Ocupa\u00e7\u00f5es associadas<\/strong><\/h3>\n\n\n\n<p>3132-05 &#8211; T\u00e9cnico de Manuten\u00e7\u00e3o Eletr\u00f4nica<\/p>\n\n\n\n<p>3132-10 &#8211; T\u00e9cnico de Manuten\u00e7\u00e3o Eletr\u00f4nica (circuitos de m\u00e1quinas com comando num\u00e9rico)<\/p>\n\n\n\n<p>3132-15 &#8211; T\u00e9cnico Eletr\u00f4nico<\/p>\n\n\n\n<p>3132-20 &#8211; T\u00e9cnico em Manuten\u00e7\u00e3o de Equipamentos de Inform\u00e1tica<\/p>\n\n\n\n<p><\/p>\n","protected":false},"excerpt":{"rendered":"<p>Plano de Curso em Eletr\u00f4nica Matriz Curricular do Curso de Eletr\u00f4nica a partir de 2023 O T\u00e9cnico em Eletr\u00f4nica ser\u00e1 habilitado para: Para atua\u00e7\u00e3o como T\u00e9cnico em Eletr\u00f4nica, s\u00e3o fundamentais: Eixo Tecnol\u00f3gico Eixo de Controle e Processos Industriais \u00c1rea Tecnol\u00f3gica Eletr\u00f4nica e Automa\u00e7\u00e3o Carga Hor\u00e1ria M\u00ednima Pr\u00e9-requisitos para Ingresso Para ingresso no Curso T\u00e9cnico Subsequente, [&hellip;]<\/p>\n","protected":false},"author":1,"featured_media":0,"parent":17,"menu_order":0,"comment_status":"closed","ping_status":"closed","template":"","meta":{"footnotes":""},"class_list":["post-76","page","type-page","status-publish","hentry"],"_links":{"self":[{"href":"http:\/\/ceepcuritiba.com.br\/novo\/index.php?rest_route=\/wp\/v2\/pages\/76"}],"collection":[{"href":"http:\/\/ceepcuritiba.com.br\/novo\/index.php?rest_route=\/wp\/v2\/pages"}],"about":[{"href":"http:\/\/ceepcuritiba.com.br\/novo\/index.php?rest_route=\/wp\/v2\/types\/page"}],"author":[{"embeddable":true,"href":"http:\/\/ceepcuritiba.com.br\/novo\/index.php?rest_route=\/wp\/v2\/users\/1"}],"replies":[{"embeddable":true,"href":"http:\/\/ceepcuritiba.com.br\/novo\/index.php?rest_route=%2Fwp%2Fv2%2Fcomments&post=76"}],"version-history":[{"count":4,"href":"http:\/\/ceepcuritiba.com.br\/novo\/index.php?rest_route=\/wp\/v2\/pages\/76\/revisions"}],"predecessor-version":[{"id":175,"href":"http:\/\/ceepcuritiba.com.br\/novo\/index.php?rest_route=\/wp\/v2\/pages\/76\/revisions\/175"}],"up":[{"embeddable":true,"href":"http:\/\/ceepcuritiba.com.br\/novo\/index.php?rest_route=\/wp\/v2\/pages\/17"}],"wp:attachment":[{"href":"http:\/\/ceepcuritiba.com.br\/novo\/index.php?rest_route=%2Fwp%2Fv2%2Fmedia&parent=76"}],"curies":[{"name":"wp","href":"https:\/\/api.w.org\/{rel}","templated":true}]}}