{"id":57,"date":"2024-10-04T21:41:52","date_gmt":"2024-10-05T00:41:52","guid":{"rendered":"http:\/\/ceepcuritiba.com.br\/novo\/?page_id=57"},"modified":"2024-10-15T19:40:19","modified_gmt":"2024-10-15T22:40:19","slug":"curso-tecnico-em-desenvolvimento-de-sistemas","status":"publish","type":"page","link":"http:\/\/ceepcuritiba.com.br\/novo\/?page_id=57","title":{"rendered":"CURSO T\u00c9CNICO EM DESENVOLVIMENTO DE SISTEMAS"},"content":{"rendered":"\n<div class=\"wp-block-cover has-parallax\" style=\"min-height:146px;aspect-ratio:unset;\"><span aria-hidden=\"true\" class=\"wp-block-cover__background has-background-dim\"><\/span><div class=\"wp-block-cover__image-background wp-image-37 has-parallax\" style=\"background-position:50% 50%;background-image:url(http:\/\/ceepcuritiba.com.br\/novo\/wp-content\/uploads\/2024\/10\/desenvolvimento_de_sistemas-1024x491.jpg)\"><\/div><div class=\"wp-block-cover__inner-container is-layout-flow wp-block-cover-is-layout-flow\">\n<p class=\"has-text-align-center has-large-font-size\">CURSO T\u00c9CNICO EM DESENVOLVIMENTO DE SISTEMAS<\/p>\n<\/div><\/div>\n\n\n\n<h2 class=\"wp-block-heading\"><strong><a href=\"http:\/\/ceepcuritiba.com.br\/novo\/wp-content\/uploads\/2024\/10\/PC_Desenvolvimento-Sistemas.pdf\">Plano de Curso em Desenvolvimento de Sistemas<\/a><\/strong><\/h2>\n\n\n\n<h2 class=\"wp-block-heading\"><strong><a href=\"http:\/\/ceepcuritiba.com.br\/novo\/wp-content\/uploads\/2024\/10\/MATRIZ_-CURRICULAR_DES_SISTEMAS.pdf\">Matriz Curricular do Curso T\u00e9cnico em Desenvolvimento de Sistemas<\/a><\/strong><\/h2>\n\n\n\n<h2 class=\"wp-block-heading\"><strong>O T\u00e9cnico em Desenvolvimento de Sistemas ser\u00e1 habilitado para:<\/strong><\/h2>\n\n\n\n<ul class=\"wp-block-list\">\n<li>Desenvolver sistemas computacionais utilizando ambiente de desenvolvimento.<\/li>\n\n\n\n<li>Dimensionar requisitos e funcionalidades do sistema.<\/li>\n\n\n\n<li>Realizar testes funcionais de programas de computador e aplicativos.<\/li>\n\n\n\n<li>Manter registros para an\u00e1lise e refinamento de resultados.<\/li>\n\n\n\n<li>Executar manuten\u00e7\u00e3o de programas de computador e suporte t\u00e9cnico.<\/li>\n\n\n\n<li>Realizar modelagem de aplica\u00e7\u00f5es computacionais.<\/li>\n\n\n\n<li>Codificar aplica\u00e7\u00f5es e rotinas utilizando linguagens de programa\u00e7\u00e3o espec\u00edficas.<\/li>\n\n\n\n<li>Executar altera\u00e7\u00f5es e manuten\u00e7\u00f5es em aplica\u00e7\u00f5es e rotinas de acordo com as defini\u00e7\u00f5es estabelecidas.<\/li>\n\n\n\n<li>Prestar apoio t\u00e9cnico na elabora\u00e7\u00e3o da documenta\u00e7\u00e3o de sistemas.<\/li>\n\n\n\n<li>Realizar prospec\u00e7\u00f5es, testes e avalia\u00e7\u00f5es de ferramentas e produtos de desenvolvimento de sistemas.<\/li>\n<\/ul>\n\n\n\n<h3 class=\"wp-block-heading\"><strong>Para atua\u00e7\u00e3o como T\u00e9cnico em Desenvolvimento de Sistemas, s\u00e3o fundamentais:<\/strong><\/h3>\n\n\n\n<ul class=\"wp-block-list\">\n<li>Conhecimentos e saberes relacionados aos processos de planejamento e execu\u00e7\u00e3o de projetos computacionais de forma a garantir a entrega de produtos digitais, an\u00e1lise de softwares, testagem de prot\u00f3tipos, de acordo com suas finalidades.<\/li>\n\n\n\n<li>Conhecimentos e saberes relacionados \u00e0s normas t\u00e9cnicas, \u00e0 lideran\u00e7a de equipes, \u00e0 solu\u00e7\u00e3o de problemas t\u00e9cnicos e \u00e0 assertividade na comunica\u00e7\u00e3o de laudos e an\u00e1lises.<\/li>\n<\/ul>\n\n\n\n<h3 class=\"wp-block-heading\"><strong>Eixo Tecnol\u00f3gico<\/strong><\/h3>\n\n\n\n<p>Eixo de Informa\u00e7\u00e3o e Comunica\u00e7\u00e3o<\/p>\n\n\n\n<h3 class=\"wp-block-heading\"><strong>\u00c1rea Tecnol\u00f3gica<\/strong><\/h3>\n\n\n\n<p>Desenvolvimento de Sistemas<\/p>\n\n\n\n<h3 class=\"wp-block-heading\"><strong>Carga Hor\u00e1ria M\u00ednima<\/strong><\/h3>\n\n\n\n<p><\/p>\n\n\n\n<h3 class=\"wp-block-heading\"><strong>Pr\u00e9-Requisito para Ingresso<\/strong><\/h3>\n\n\n\n<p>Para ingresso no Curso T\u00e9cnico Subsequente, o estudante dever\u00e1 ter conclu\u00eddo o Ensino M\u00e9dio.<\/p>\n\n\n\n<p>Para ingresso no Curso T\u00e9cnico Integrado ao Ensino M\u00e9dio, o estudante dever\u00e1 ter conclu\u00eddo o Ensino Fundamental.<\/p>\n\n\n\n<p>Para ingresso no Curso T\u00e9cnico Integrado \u00e0 Educa\u00e7\u00e3o de Jovens e Adultos, o estudante dever\u00e1 ter conclu\u00eddo o Ensino Fundamental.<\/p>\n\n\n\n<h3 class=\"wp-block-heading\"><strong>Legisla\u00e7\u00e3o Profissional<\/strong><\/h3>\n\n\n\n<p>Profiss\u00e3o n\u00e3o regulamentada<\/p>\n\n\n\n<h3 class=\"wp-block-heading\"><strong>Intiner\u00e1rios Formativos<\/strong><\/h3>\n\n\n\n<h3 class=\"wp-block-heading\"><strong>Sugest\u00f5es de qualifica\u00e7\u00e3o profissional com certifica\u00e7\u00f5es intermedi\u00e1rias, no curso t\u00e9cnico, considerando ocupa\u00e7\u00f5es previstas na CBO:<\/strong><\/h3>\n\n\n\n<ul class=\"wp-block-list\">\n<li>Administrador de Banco de Dados<\/li>\n\n\n\n<li>Agente de Inclus\u00e3o Digital em Centros P\u00fablicos de Acesso \u00e0 Internet<\/li>\n\n\n\n<li>Programador de Sistemas<\/li>\n\n\n\n<li>Desenvolvedor Front-End<\/li>\n\n\n\n<li>Desenvolvedor Back-End<\/li>\n\n\n\n<li>Desenvolvedor de sistemas para celulares<\/li>\n<\/ul>\n\n\n\n<h3 class=\"wp-block-heading\"><strong>Sugest\u00f5es de forma\u00e7\u00e3o continuada em cursos de especializa\u00e7\u00e3o t\u00e9cnica (p\u00f3s-t\u00e9cnico):<\/strong><\/h3>\n\n\n\n<ul class=\"wp-block-list\">\n<li>Especializa\u00e7\u00e3o T\u00e9cnica em Desenvolvimento de Aplica\u00e7\u00f5es para Dispositivos M\u00f3veis<\/li>\n\n\n\n<li>Especializa\u00e7\u00e3o T\u00e9cnica em Desenvolvimento de Com\u00e9rcio Eletr\u00f4nico<\/li>\n\n\n\n<li>Especializa\u00e7\u00e3o T\u00e9cnica em Seguran\u00e7a da Informa\u00e7\u00e3o<\/li>\n\n\n\n<li>Especializa\u00e7\u00e3o T\u00e9cnica em Desenvolvimento de Aplica\u00e7\u00f5es para Intelig\u00eancia Artificial<\/li>\n\n\n\n<li>Especializa\u00e7\u00e3o T\u00e9cnica em Desenvolvimento de Aplica\u00e7\u00f5es para Internet das Coisas<\/li>\n\n\n\n<li>Especializa\u00e7\u00e3o T\u00e9cnica em Desenvolvimento de Aplica\u00e7\u00f5es para Machine Learning<\/li>\n\n\n\n<li>Especializa\u00e7\u00e3o T\u00e9cnica em Desenvolvimento de Aplica\u00e7\u00f5es para Ci\u00eancia de Dados<\/li>\n\n\n\n<li>Especializa\u00e7\u00e3o T\u00e9cnica em Desenvolvimento de Aplica\u00e7\u00f5es para Analytics<\/li>\n<\/ul>\n\n\n\n<h3 class=\"wp-block-heading\"><strong>Sugest\u00f5es de verticaliza\u00e7\u00e3o para cursos de gradua\u00e7\u00e3o (Curso Superior de Tecnologia, Bacharelado e Licenciatura):<\/strong><\/h3>\n\n\n\n<ul class=\"wp-block-list\">\n<li>Curso Superior de Tecnologia em An\u00e1lise e Desenvolvimento de Sistemas<\/li>\n\n\n\n<li>Curso Superior de Tecnologia em Gest\u00e3o de Tecnologia da Informa\u00e7\u00e3o<\/li>\n\n\n\n<li>Curso Superior de Tecnologia em Banco de Dados<\/li>\n\n\n\n<li>Curso Superior de Tecnologia em Jogos Digitais<\/li>\n\n\n\n<li>Curso Superior de Tecnologia em Seguran\u00e7a da Informa\u00e7\u00e3o<\/li>\n\n\n\n<li>Curso Superior de Tecnologia em Sistemas para Internet<\/li>\n\n\n\n<li>Bacharelado em Ci\u00eancia da Computa\u00e7\u00e3o<\/li>\n\n\n\n<li>Bacharelado em Sistemas de Informa\u00e7\u00e3o<\/li>\n\n\n\n<li>Bacharelado em Engenharia de Software<\/li>\n<\/ul>\n\n\n\n<h3 class=\"wp-block-heading\"><strong>Campo de Atua\u00e7\u00e3o<\/strong><\/h3>\n\n\n\n<h3 class=\"wp-block-heading\"><strong>Locais e Ambientes de Trabalho<\/strong>:<\/h3>\n\n\n\n<ul class=\"wp-block-list\">\n<li>Empresas de desenvolvimento de sistemas<\/li>\n\n\n\n<li>Departamento de desenvolvimento de sistemas em organiza\u00e7\u00f5es governamentais e n\u00e3o governamentais<\/li>\n\n\n\n<li>Empresas de consultoria em sistemas<\/li>\n\n\n\n<li>Empresas de solu\u00e7\u00f5es em an\u00e1lise de dados<\/li>\n\n\n\n<li>Profissional aut\u00f4nomo<\/li>\n<\/ul>\n\n\n\n<h3 class=\"wp-block-heading\"><strong>Ocupa\u00e7\u00e3o CBO Associadas<\/strong><\/h3>\n\n\n\n<p>3171-10 &#8211; Desenvolvedor de Sistemas de Tecnologia da Informa\u00e7\u00e3o<\/p>\n\n\n\n<p><\/p>\n","protected":false},"excerpt":{"rendered":"<p>Plano de Curso em Desenvolvimento de Sistemas Matriz Curricular do Curso T\u00e9cnico em Desenvolvimento de Sistemas O T\u00e9cnico em Desenvolvimento de Sistemas ser\u00e1 habilitado para: Para atua\u00e7\u00e3o como T\u00e9cnico em Desenvolvimento de Sistemas, s\u00e3o fundamentais: Eixo Tecnol\u00f3gico Eixo de Informa\u00e7\u00e3o e Comunica\u00e7\u00e3o \u00c1rea Tecnol\u00f3gica Desenvolvimento de Sistemas Carga Hor\u00e1ria M\u00ednima Pr\u00e9-Requisito para Ingresso Para ingresso [&hellip;]<\/p>\n","protected":false},"author":1,"featured_media":0,"parent":17,"menu_order":0,"comment_status":"closed","ping_status":"closed","template":"","meta":{"footnotes":""},"class_list":["post-57","page","type-page","status-publish","hentry"],"_links":{"self":[{"href":"http:\/\/ceepcuritiba.com.br\/novo\/index.php?rest_route=\/wp\/v2\/pages\/57"}],"collection":[{"href":"http:\/\/ceepcuritiba.com.br\/novo\/index.php?rest_route=\/wp\/v2\/pages"}],"about":[{"href":"http:\/\/ceepcuritiba.com.br\/novo\/index.php?rest_route=\/wp\/v2\/types\/page"}],"author":[{"embeddable":true,"href":"http:\/\/ceepcuritiba.com.br\/novo\/index.php?rest_route=\/wp\/v2\/users\/1"}],"replies":[{"embeddable":true,"href":"http:\/\/ceepcuritiba.com.br\/novo\/index.php?rest_route=%2Fwp%2Fv2%2Fcomments&post=57"}],"version-history":[{"count":5,"href":"http:\/\/ceepcuritiba.com.br\/novo\/index.php?rest_route=\/wp\/v2\/pages\/57\/revisions"}],"predecessor-version":[{"id":186,"href":"http:\/\/ceepcuritiba.com.br\/novo\/index.php?rest_route=\/wp\/v2\/pages\/57\/revisions\/186"}],"up":[{"embeddable":true,"href":"http:\/\/ceepcuritiba.com.br\/novo\/index.php?rest_route=\/wp\/v2\/pages\/17"}],"wp:attachment":[{"href":"http:\/\/ceepcuritiba.com.br\/novo\/index.php?rest_route=%2Fwp%2Fv2%2Fmedia&parent=57"}],"curies":[{"name":"wp","href":"https:\/\/api.w.org\/{rel}","templated":true}]}}