{"id":54,"date":"2024-10-04T21:03:53","date_gmt":"2024-10-05T00:03:53","guid":{"rendered":"http:\/\/ceepcuritiba.com.br\/novo\/?page_id=54"},"modified":"2024-10-15T19:52:34","modified_gmt":"2024-10-15T22:52:34","slug":"curso-tecnico-em-biotecnologia","status":"publish","type":"page","link":"http:\/\/ceepcuritiba.com.br\/novo\/?page_id=54","title":{"rendered":"CURSO T\u00c9CNICO EM BIOTECNOLOGIA"},"content":{"rendered":"\n<div class=\"wp-block-cover has-parallax\" style=\"min-height:128px;aspect-ratio:unset;\"><span aria-hidden=\"true\" class=\"wp-block-cover__background has-background-dim\"><\/span><div class=\"wp-block-cover__image-background wp-image-36 has-parallax\" style=\"background-position:50% 50%;background-image:url(http:\/\/ceepcuritiba.com.br\/novo\/wp-content\/uploads\/2024\/10\/biotecnologia-1024x491.jpg)\"><\/div><div class=\"wp-block-cover__inner-container is-layout-flow wp-block-cover-is-layout-flow\">\n<p class=\"has-text-align-center has-large-font-size\"><strong>CURSO T\u00c9CNICO EM BIOTECNOLOGIA<\/strong><\/p>\n<\/div><\/div>\n\n\n\n<h2 class=\"wp-block-heading\"><strong><a href=\"http:\/\/ceepcuritiba.com.br\/novo\/wp-content\/uploads\/2024\/10\/PC_Biotecnologia-.pdf\">Plano de Curso em Biotecnologia<\/a><\/strong><\/h2>\n\n\n\n<h2 class=\"wp-block-heading\"><strong><a href=\"http:\/\/ceepcuritiba.com.br\/novo\/wp-content\/uploads\/2024\/10\/MATRIZ_CURRICULAR_BIOTECNOLOGIA.pdf\">Matriz Curricular de Biotecnologia<\/a><\/strong><\/h2>\n\n\n\n<p><\/p>\n\n\n\n<p><\/p>\n\n\n\n<h2 class=\"wp-block-heading\"><strong>O t\u00e9cnico em Biotecnologia ser\u00e1 habilitado para:<\/strong><\/h2>\n\n\n\n<ul class=\"wp-block-list\">\n<li>Executar atividades laboratoriais de biotecnologia e bioci\u00eancias.<\/li>\n\n\n\n<li>Controlar e monitorar processos industriais e laboratoriais da sua \u00e1rea.<\/li>\n\n\n\n<li>Preparar materiais, meios de cultura, solu\u00e7\u00f5es e reagentes.<\/li>\n\n\n\n<li>Analisar subst\u00e2ncias e materiais biol\u00f3gicos.<\/li>\n\n\n\n<li>Cultivar in vivo e in vitro microrganismos, c\u00e9lulas e tecidos animais e vegetais.<\/li>\n\n\n\n<li>Auxiliar em pesquisas de melhoramento gen\u00e9tico.<\/li>\n\n\n\n<li>Realizar o preparo de amostras dos tecidos animais e vegetais.<\/li>\n\n\n\n<li>Extrair, replicar e quanti\ufb01car biomol\u00e9culas.<\/li>\n\n\n\n<li>Realizar a produ\u00e7\u00e3o de imunobiol\u00f3gicos, vacinas, diluentes, kits de diagn\u00f3stico.<\/li>\n\n\n\n<li>Operar a cria\u00e7\u00e3o e manejo de animais de experimenta\u00e7\u00e3o.<\/li>\n\n\n\n<li>Controlar a qualidade de mat\u00e9rias-primas, insumos e produtos<\/li>\n<\/ul>\n\n\n\n<h3 class=\"wp-block-heading\"><strong>Para atua\u00e7\u00e3o como T\u00e9cnico em Biotecnologia, s\u00e3o fundament\u00e1is:<\/strong><\/h3>\n\n\n\n<ul class=\"wp-block-list\">\n<li>Conhecimentos e saberes relacionados aos processos de planejamento e opera\u00e7\u00e3o das atribui\u00e7\u00f5es da \u00e1rea, de modo a assegurar a sa\u00fade e a seguran\u00e7a dos trabalhadores e dos futuros usu\u00e1rios e operadores de empresas em processos de transforma\u00e7\u00e3o biotecnol\u00f3gica.<\/li>\n\n\n\n<li>Conhecimentos e saberes relacionados \u00e0 sustentabilidade do processo produtivo, \u00e0s normas e relat\u00f3rios t\u00e9cnicos, \u00e0 legisla\u00e7\u00e3o da \u00e1rea, \u00e0s novas tecnologias relacionadas \u00e0 ind\u00fastria 4.0, \u00e0 lideran\u00e7a de equipes, \u00e0 solu\u00e7\u00e3o de problemas t\u00e9cnicos e \u00e0 gest\u00e3o de conflitos.<\/li>\n<\/ul>\n\n\n\n<h3 class=\"wp-block-heading\"><strong>Eixo Tecnol\u00f3gico<\/strong><\/h3>\n\n\n\n<p>Eixo de Produ\u00e7\u00e3o Industrial<\/p>\n\n\n\n<h3 class=\"wp-block-heading\"><strong>\u00c0rea Tecnol\u00f3gica<\/strong><\/h3>\n\n\n\n<p>Qu\u00edmica<\/p>\n\n\n\n<h3 class=\"wp-block-heading\"><strong>Carga Hor\u00e1ria M\u00ednima<\/strong><\/h3>\n\n\n\n<p><\/p>\n\n\n\n<h3 class=\"wp-block-heading\"><strong>Pr\u00e9-Requisitos para Ingresso<\/strong><\/h3>\n\n\n\n<p>Para ingresso no Curso T\u00e9cnico Subsequente, o estudante dever\u00e1 ter conclu\u00eddo o Ensino M\u00e9dio.<\/p>\n\n\n\n<p>Para ingresso no Curso T\u00e9cnico Integrado ao Ensino M\u00e9dio, o estudante dever\u00e1 ter conclu\u00eddo o Ensino Fundamental.<\/p>\n\n\n\n<p>Para ingresso no Curso T\u00e9cnico Integrado \u00e0 Educa\u00e7\u00e3o de Jovens e Adultos, o estudante dever\u00e1 ter conclu\u00eddo o Ensino Fundamental.<\/p>\n\n\n\n<h3 class=\"wp-block-heading\"><strong>Legisla\u00e7\u00e3o Profissional<\/strong><\/h3>\n\n\n\n<p><a target=\"_blank\" rel=\"noreferrer noopener\" href=\"http:\/\/www.planalto.gov.br\/ccivil_03\/decreto\/Antigos\/D90922.htm\">Decreto n\u00ba 90.922, de 6 de fevereiro de 1985<\/a><\/p>\n\n\n\n<p>BRASIL. Decreto n\u00ba 90.922, de 6 de fevereiro de 1985. Regulamenta a Lei n\u00ba 5.524, de 05 de novembro de 1968, que disp\u00f5e sobre o exerc\u00edcio da profiss\u00e3o de t\u00e9cnico industrial e t\u00e9cnico agr\u00edcola de n\u00edvel m\u00e9dio ou de 2\u00ba grau. Di\u00e1rio Oficial da Uni\u00e3o, se\u00e7\u00e3o 1, 7\/2\/1985, p. 2194.<\/p>\n\n\n\n<p><a target=\"_blank\" rel=\"noreferrer noopener\" href=\"https:\/\/www2.camara.leg.br\/legin\/fed\/lei\/1950-1959\/lei-2800-18-junho-1956-360926-norma-pl.html\">Lei n\u00ba 2800, de 18 de junho de 1956<\/a><\/p>\n\n\n\n<p>BRASIL. Lei n\u00ba 2800, de 18 de junho de 1956. Cria os Conselhos Federal e Regionais de Qu\u00edmica, disp\u00f5e sobre o exerc\u00edcio da profiss\u00e3o de qu\u00edmico, e d\u00e1 outras provid\u00eancias.<\/p>\n\n\n\n<p><a target=\"_blank\" rel=\"noreferrer noopener\" href=\"http:\/\/www.planalto.gov.br\/ccivil_03\/decreto\/1980-1989\/D85877.htm\">Decreto n\u00ba 85877, de 07 de abril de 1981<\/a><\/p>\n\n\n\n<p>BRASIL. Decreto n\u00ba 85877, de 07 de abril de 1981. Estabelece normas para execu\u00e7\u00e3o da Lei n\u00ba 2800.<\/p>\n\n\n\n<p><a target=\"_blank\" rel=\"noreferrer noopener\" href=\"https:\/\/cft-br.implanta.net.br\/PortalTransparencia\/Publico\/ArquivosAnexos\/Download?idArquivoAnexo=7db440d1-0e56-40ed-8d69-e30a3fd38b7b\">Resolu\u00e7\u00e3o CFT n 85, de 28 de outubro de 2019<\/a><\/p>\n\n\n\n<p>BRASIL. CONSELHO FEDERAL DOS T\u00c9CNICOS INDUSTRIAIS. Resolu\u00e7\u00e3o CFT n 85, de 28 de outubro de 2019. Aprova a tabela de t\u00edtulos de profissionais dos T\u00e9cnicos Industriais no SINCETI.<\/p>\n\n\n\n<p><a target=\"_blank\" rel=\"noreferrer noopener\" href=\"http:\/\/www.planalto.gov.br\/ccivil_03\/LEIS\/L5524.htm\">Lei n\u00ba 5.524, de 5 de novembro de 1968<\/a><\/p>\n\n\n\n<p>BRASIL. Lei n\u00ba 5.524, de 5 de novembro de 1968. Disp\u00f5e s\u00f4bre o exerc\u00edcio da profiss\u00e3o de T\u00e9cnico Industrial de n\u00edvel m\u00e9dio. Di\u00e1rio Oficial da Uni\u00e3o, se\u00e7\u00e3o 1, 6\/11\/1968, p. 9689.<\/p>\n\n\n\n<p><a target=\"_blank\" rel=\"noreferrer noopener\" href=\"http:\/\/cfq.org.br\/resolucao-normativa\/resolucao-normativa-no-36-de-25-de-abril-de-1974\/\">Resolu\u00e7\u00e3o Normativa n\u00ba 36, de 25 de abril de 1974<\/a><\/p>\n\n\n\n<p>BRASIL. Resolu\u00e7\u00e3o Normativa n\u00ba 36, de 25 de abril de 1974. D\u00e1 atribui\u00e7\u00f5es aos profissionais da Qu\u00edmica.<\/p>\n\n\n\n<p><a target=\"_blank\" rel=\"noreferrer noopener\" href=\"http:\/\/cfq.org.br\/codigo-etica\/codigo-de-etica-teste-01\/\">Resolu\u00e7\u00e3o n\u00ba 927, de 11 de novembro de 1970<\/a><\/p>\n\n\n\n<p>BRASIL. Resolu\u00e7\u00e3o n\u00ba 927, de 11 de novembro de 1970. Aprovar c\u00f3digo de \u00e9tica.<\/p>\n\n\n\n<h3 class=\"wp-block-heading\"><strong>Intiner\u00e1rios Formativos<\/strong><\/h3>\n\n\n\n<h3 class=\"wp-block-heading\"><strong>Sugest\u00f5es de qualifica\u00e7\u00e3o profissional com certifica\u00e7\u00f5es intermedi\u00e1rias, no curso t\u00e9cnico, considerando ocupa\u00e7\u00f5es previstas na CBO:<\/strong><\/h3>\n\n\n\n<ul class=\"wp-block-list\">\n<li>Auxiliar T\u00e9cnico em Biotecnologia<\/li>\n<\/ul>\n\n\n\n<h3 class=\"wp-block-heading\"><strong><strong>Sugest\u00f5es de forma\u00e7\u00e3o continuada em cursos de especializa\u00e7\u00e3o t\u00e9cnica (p\u00f3s-t\u00e9cnico):<\/strong><\/strong><\/h3>\n\n\n\n<ul class=\"wp-block-list\">\n<li>Especializa\u00e7\u00e3o T\u00e9cnica em Biog\u00e1s e Biometano<\/li>\n\n\n\n<li>Especializa\u00e7\u00e3o T\u00e9cnica em Biotecnologia de Microrganismos<\/li>\n\n\n\n<li>Especializa\u00e7\u00e3o T\u00e9cnica em Biotecnologia Vegetal<\/li>\n\n\n\n<li>Especializa\u00e7\u00e3o T\u00e9cnica em Biotecnologia Animal<\/li>\n\n\n\n<li>Especializa\u00e7\u00e3o T\u00e9cnica em Biotecnologia de Cosm\u00e9ticos<\/li>\n\n\n\n<li>Especializa\u00e7\u00e3o T\u00e9cnica em Tratamento de Res\u00edduos<\/li>\n\n\n\n<li>Especializa\u00e7\u00e3o T\u00e9cnica em Tratamento de \u00c1gua e E\ufb02uentes<\/li>\n\n\n\n<li>Especializa\u00e7\u00e3o T\u00e9cnica em Biosseguran\u00e7a<\/li>\n\n\n\n<li>Especializa\u00e7\u00e3o T\u00e9cnica em An\u00e1lises Laboratoriais na Ind\u00fastria de Alimentos<\/li>\n\n\n\n<li>Especializa\u00e7\u00e3o T\u00e9cnica em Imuno-hematologia<\/li>\n\n\n\n<li>Especializa\u00e7\u00e3o T\u00e9cnica em Bioqu\u00edmica<\/li>\n\n\n\n<li>Especializa\u00e7\u00e3o T\u00e9cnica em Biologia Molecular<\/li>\n\n\n\n<li>Especializa\u00e7\u00e3o T\u00e9cnica em Microbiologia M\u00e9dica<\/li>\n<\/ul>\n\n\n\n<h3 class=\"wp-block-heading\"><strong><strong>Sugest\u00f5es de verticaliza\u00e7\u00e3o para cursos de gradua\u00e7\u00e3o (Curso Superior de Tecnologia, Bacharelado e Licenciatura):<\/strong><\/strong><\/h3>\n\n\n\n<ul class=\"wp-block-list\">\n<li>Curso Superior de Tecnologia em Saneamento Ambiental<\/li>\n\n\n\n<li>Bacharelado em Ci\u00eancias Biol\u00f3gicas<\/li>\n\n\n\n<li>Bacharelado em Biomedicina<\/li>\n\n\n\n<li>Bacharelado em Farm\u00e1cia<\/li>\n\n\n\n<li>Bacharelado em Nutri\u00e7\u00e3o<\/li>\n\n\n\n<li>Bacharelado em Engenharia de Alimentos<\/li>\n\n\n\n<li>Bacharelado em Engenharia Qu\u00edmica<\/li>\n\n\n\n<li>Bacharelado em Biotecnologia<\/li>\n\n\n\n<li>Bacharelado em Engenharia Ambiental<\/li>\n\n\n\n<li>Bacharelado em Engenharia de Bioprocessos e Biotecnologia<\/li>\n<\/ul>\n\n\n\n<h3 class=\"wp-block-heading\"><strong>Campo de Atua\u00e7\u00e3o<\/strong><\/h3>\n\n\n\n<h3 class=\"wp-block-heading\"><strong>Locais e Ambientes de trabalho:<\/strong><\/h3>\n\n\n\n<ul class=\"wp-block-list\">\n<li>Empresas<\/li>\n\n\n\n<li>Ind\u00fastrias<\/li>\n\n\n\n<li>Agroind\u00fastrias<\/li>\n\n\n\n<li>Institui\u00e7\u00f5es de Pesquisa, Ensino e Desenvolvimento em Bioci\u00eancias e Produtos Biotecnol\u00f3gicos<\/li>\n\n\n\n<li>Laborat\u00f3rios de Controle de Qualidade de Biomol\u00e9culas, de Bioprocessos, de Biologia Molecular, de Toxicologia, de Biodiagn\u00f3sticos e de An\u00e1lises Cl\u00ednicas<\/li>\n\n\n\n<li>Bancos de Materiais Biol\u00f3gicos e de Genes<\/li>\n\n\n\n<li>Empresas de Consultorias, Assist\u00eancia T\u00e9cnica, Comercializa\u00e7\u00e3o de Insumos e Equipamentos utilizados na \u00e1rea de Bioci\u00eancias e Biotecnologia<\/li>\n\n\n\n<li>Ind\u00fastrias Aliment\u00edcias, de Cosm\u00e9ticos, de Bebidas e Farmac\u00eautica<\/li>\n\n\n\n<li>Laborat\u00f3rios de Agropecu\u00e1ria e Ambiental<\/li>\n\n\n\n<li>Esta\u00e7\u00f5es de Monitoramento e Tratamento Biol\u00f3gicos da \u00c1gua<\/li>\n\n\n\n<li>Escrit\u00f3rios de Patentes Biotecnol\u00f3gicas<\/li>\n\n\n\n<li>Empreendimento Pr\u00f3prio<\/li>\n<\/ul>\n","protected":false},"excerpt":{"rendered":"<p>Plano de Curso em Biotecnologia Matriz Curricular de Biotecnologia O t\u00e9cnico em Biotecnologia ser\u00e1 habilitado para: Para atua\u00e7\u00e3o como T\u00e9cnico em Biotecnologia, s\u00e3o fundament\u00e1is: Eixo Tecnol\u00f3gico Eixo de Produ\u00e7\u00e3o Industrial \u00c0rea Tecnol\u00f3gica Qu\u00edmica Carga Hor\u00e1ria M\u00ednima Pr\u00e9-Requisitos para Ingresso Para ingresso no Curso T\u00e9cnico Subsequente, o estudante dever\u00e1 ter conclu\u00eddo o Ensino M\u00e9dio. Para ingresso [&hellip;]<\/p>\n","protected":false},"author":1,"featured_media":0,"parent":17,"menu_order":0,"comment_status":"closed","ping_status":"closed","template":"","meta":{"footnotes":""},"class_list":["post-54","page","type-page","status-publish","hentry"],"_links":{"self":[{"href":"http:\/\/ceepcuritiba.com.br\/novo\/index.php?rest_route=\/wp\/v2\/pages\/54"}],"collection":[{"href":"http:\/\/ceepcuritiba.com.br\/novo\/index.php?rest_route=\/wp\/v2\/pages"}],"about":[{"href":"http:\/\/ceepcuritiba.com.br\/novo\/index.php?rest_route=\/wp\/v2\/types\/page"}],"author":[{"embeddable":true,"href":"http:\/\/ceepcuritiba.com.br\/novo\/index.php?rest_route=\/wp\/v2\/users\/1"}],"replies":[{"embeddable":true,"href":"http:\/\/ceepcuritiba.com.br\/novo\/index.php?rest_route=%2Fwp%2Fv2%2Fcomments&post=54"}],"version-history":[{"count":6,"href":"http:\/\/ceepcuritiba.com.br\/novo\/index.php?rest_route=\/wp\/v2\/pages\/54\/revisions"}],"predecessor-version":[{"id":194,"href":"http:\/\/ceepcuritiba.com.br\/novo\/index.php?rest_route=\/wp\/v2\/pages\/54\/revisions\/194"}],"up":[{"embeddable":true,"href":"http:\/\/ceepcuritiba.com.br\/novo\/index.php?rest_route=\/wp\/v2\/pages\/17"}],"wp:attachment":[{"href":"http:\/\/ceepcuritiba.com.br\/novo\/index.php?rest_route=%2Fwp%2Fv2%2Fmedia&parent=54"}],"curies":[{"name":"wp","href":"https:\/\/api.w.org\/{rel}","templated":true}]}}