{"id":395,"date":"2024-12-10T11:34:02","date_gmt":"2024-12-10T14:34:02","guid":{"rendered":"http:\/\/ceepcuritiba.com.br\/novo\/?page_id=395"},"modified":"2024-12-10T11:52:12","modified_gmt":"2024-12-10T14:52:12","slug":"2a-chamada-2025-1o-semestre","status":"publish","type":"page","link":"http:\/\/ceepcuritiba.com.br\/novo\/?page_id=395","title":{"rendered":"2\u00aa CHAMADA &#8211; 2025 &#8211; 1\u00ba SEMESTRE"},"content":{"rendered":"\n<p class=\"has-text-align-center\"><strong>CONFIRMA\u00c7\u00c3O DOS DADOS DECLARADOS NA INSCRI\u00c7\u00c3O<\/strong><\/p>\n\n\n\n<p class=\"has-text-align-center\"><strong>PARA OS CLASSIFICADOS NA 2\u00aa CHAMADA<\/strong><\/p>\n\n\n\n<p class=\"has-text-align-center\"><strong>E CHAMADOS DA LISTA DE ESPERA<\/strong><\/p>\n\n\n\n<p>Classificados na 2\u00aa Chamada do Processo Classificat\u00f3rio \u2013 2025 e chamados da Lista de Espera dever\u00e3o comparecer <strong>PRESENCIALMENTE<\/strong> na Secretaria do CEEP Curitiba, caso n\u00e3o compare\u00e7am estar\u00e3o abdicando da vaga no CEEP Curitiba.<\/p>\n\n\n\n<p>Hor\u00e1rio de atendimento: <strong>8h \u00e0s 12h \/ 15h \u00e0s 19h<\/strong><\/p>\n\n\n\n<p>BIOTECNOLOGIA \u2013 M\u00c9DIO INTEGRADO &#8211; <strong>08\/01\/2025 das 8h \u00e0s 12h ou 15h \u00e0s 19h<\/strong><\/p>\n\n\n\n<p>DESENVOLVIMENTO DE SISTEMAS \u2013 M\u00c9DIO INTEGRADO &#8211; <strong>08\/01\/2025 das 8h \u00e0s 12h ou 15h \u00e0s 19h<\/strong><\/p>\n\n\n\n<p>EDIFICA\u00c7\u00d5ES \u2013 M\u00c9DIO INTEGRADO &#8211; <strong>08\/01\/2025 das 8h \u00e0s 12h ou 15h \u00e0s 19h<\/strong><\/p>\n\n\n\n<p>ELETROMEC\u00c2NICA \u2013 M\u00c9DIO INTEGRADO &#8211; <strong>08\/01\/2025 das 8h \u00e0s 12h ou 15h \u00e0s 19h<\/strong><\/p>\n\n\n\n<p>ELETR\u00d4NICA \u2013 M\u00c9DIO INTEGRADO &#8211; <strong>08\/01\/2025 das 8h \u00e0s 12h ou 15h \u00e0s 19h<\/strong><\/p>\n\n\n\n<p>FARM\u00c1CIA \u2013 M\u00c9DIO INTEGRADO &#8211;<strong>09\/01\/2025 das 8h \u00e0s 12h ou 15h \u00e0s 19h<\/strong><\/p>\n\n\n\n<p>MANUTEN\u00c7\u00c3O AUTOMOTIVA \u2013 M\u00c9DIO INTEGRADO &#8211; <strong>09\/01\/2025 das 8h \u00e0s 12h ou 15h \u00e0s 19h<\/strong><\/p>\n\n\n\n<p>MEC\u00c2NICA \u2013 M\u00c9DIO INTEGRADO &#8211; <strong>09\/01\/2025 das 8h \u00e0s 12h ou 15h \u00e0s 19h<\/strong><\/p>\n\n\n\n<p>MEIO AMBIENTE \u2013 M\u00c9DIO INTEGRADO &#8211; <strong>09\/01\/2025 das 8h \u00e0s 12h ou 15h \u00e0s 19h<\/strong><\/p>\n\n\n\n<p>PROGRAMA\u00c7\u00c3O DE JOGOS DIGITAIS \u2013 M\u00c9DIO INTEGRADO &#8211; <strong>09\/01\/2025 das 8h \u00e0s 12h ou 15h \u00e0s 19h<\/strong><\/p>\n\n\n\n<p>QUI\u00cdMICA \u2013 M\u00c9DIO INTEGRADO &#8211; <strong>09\/01\/2025 das 8h \u00e0s 12h ou 15h \u00e0s 19h<\/strong><\/p>\n\n\n\n<p>ELETROMEC\u00c2NICA \u2013 SUBSEQUENTE &#8211; <strong>10\/01\/2025 das 8h \u00e0s 12h ou 15h \u00e0s 19h<\/strong><\/p>\n\n\n\n<p>QU\u00cdMICA \u2013 SUBSEQUENTE &#8211; <strong>10\/01\/2025 das 8h \u00e0s 12h ou 15h \u00e0s 19h<\/strong><\/p>\n\n\n\n<p class=\"has-text-align-center\"><strong>DOCUMENTOS PARA CONFIRMA\u00c7\u00c3O DOS DADOS<\/strong><\/p>\n\n\n\n<p class=\"has-text-align-center\"><strong>DECLARADOS NA INSCRI\u00c7\u00c3O 2025<\/strong><\/p>\n\n\n\n<p class=\"has-text-align-center\"><strong>M\u00c9DIO INTEGRADO<\/strong><strong><\/strong><\/p>\n\n\n\n<p>Apresentar todos os seguintes documentos:<\/p>\n\n\n\n<p><strong>\u2013&nbsp;<\/strong>Ficha do Pedag\u00f3gico (imprimir, preencher, assinar e apresentar com foto)&nbsp;<a href=\"http:\/\/ceepcuritiba.com.br\/novo\/wp-content\/uploads\/2024\/10\/FICHA-_PEDAGOGICO_ALUNO_2024.pdf\">FICHA PEDAG\u00d3GICO<\/a><\/p>\n\n\n\n<p><strong>\u2013&nbsp;<\/strong>Ficha de Sa\u00fade (imprimir, preencher e assinar)&nbsp;<a href=\"http:\/\/ceepcuritiba.com.br\/novo\/wp-content\/uploads\/2024\/10\/FICHA_DE_SAUDE_2024.pdf\">FICHA DE SA\u00daDE<\/a><\/p>\n\n\n\n<p><strong>\u2013&nbsp;<\/strong>Ficha de Dados Socioecon\u00f4micos e Empregabilidade (imprimir, preencher e assinar)&nbsp;<a href=\"http:\/\/ceepcuritiba.com.br\/novo\/wp-content\/uploads\/2024\/10\/SOCIOECONOMICO_EMPREGABILIDADE.pdf\">FICHA SOCIAL<\/a><\/p>\n\n\n\n<p><strong>\u2013&nbsp;<\/strong>Hist\u00f3rico Escolar&nbsp;do Ensino Fundamental (ou Declara\u00e7\u00e3o com as notas mencionadas na Inscri\u00e7\u00e3o).<\/p>\n\n\n\n<p><strong>\u2013&nbsp;<\/strong>Contribui\u00e7\u00e3o APMF no valor de R$ 60,00<\/p>\n\n\n\n<p><strong>\u2013&nbsp;<\/strong>Comprova\u00e7\u00e3o que recebe renda do Governo Federal (Ex: Bolsa Fam\u00edlia, comprovante de recebimento do \u00faltimo m\u00eas), para quem declarou que recebe.<\/p>\n\n\n\n<p class=\"has-text-align-center\"><strong>DOCUMENTOS PARA CONFIRMA\u00c7\u00c3O DOS DADOS<\/strong><\/p>\n\n\n\n<p class=\"has-text-align-center\"><strong>DECLARADOS NA INSCRI\u00c7\u00c3O 2025<\/strong><\/p>\n\n\n\n<p class=\"has-text-align-center\"><strong>SUBSEQUENTE<\/strong><\/p>\n\n\n\n<p>Apresentar todos os seguintes documentos:<\/p>\n\n\n\n<p><strong>\u2013&nbsp;<\/strong>Ficha de Sa\u00fade (imprimir, preencher e assinar)&nbsp;<a href=\"http:\/\/ceepcuritiba.com.br\/novo\/wp-content\/uploads\/2024\/10\/FICHA_DE_SAUDE_2024.pdf\">FICHA DE SA\u00daDE<\/a><\/p>\n\n\n\n<p><strong>\u2013&nbsp;<\/strong>Ficha de Dados Socioecon\u00f4micos e Empregabilidade (imprimir, preencher e assinar)&nbsp;<a href=\"http:\/\/ceepcuritiba.com.br\/novo\/wp-content\/uploads\/2024\/10\/SOCIOECONOMICO_EMPREGABILIDADE.pdf\">FICHA SOCIAL<\/a><\/p>\n\n\n\n<p><strong>\u2013&nbsp;<\/strong>Hist\u00f3rico Escolar&nbsp;do Ensino M\u00e9dio (ou Declara\u00e7\u00e3o com as notas mencionadas na Inscri\u00e7\u00e3o).<\/p>\n\n\n\n<p><strong>\u2013<\/strong>&nbsp;Certid\u00e3o de Regularidade de Estudos \u2013 para alunos que conclu\u00edram os estudos fora do Estado do Paran\u00e1<\/p>\n\n\n\n<p><strong>\u2013&nbsp;<\/strong>Contribui\u00e7\u00e3o APMF no valor de R$ 60,00<\/p>\n\n\n\n<p><strong>\u2013&nbsp;<\/strong>Comprova\u00e7\u00e3o que recebe renda do Governo Federal (Ex: Bolsa Fam\u00edlia, comprovante de recebimento do \u00faltimo m\u00eas), para quem declarou que recebe.<\/p>\n\n\n\n<p class=\"has-text-align-left\"><strong>RESULTADO 2\u00aa CHAMADA<\/strong><\/p>\n\n\n\n<p><strong><a href=\"http:\/\/ceepcuritiba.com.br\/novo\/wp-content\/uploads\/2024\/12\/2a_CHAMADA_2025_BIOTECNOLOGIA_INT.pdf\">BIOTECNOLOGIA \u2013 M\u00c9DIO INTEGRADO<\/a><\/strong><\/p>\n\n\n\n<p><strong><a href=\"http:\/\/ceepcuritiba.com.br\/novo\/wp-content\/uploads\/2024\/12\/2a_CHAMADA_2025_DES_SISTEMAS_INT.pdf\">DESENVOLVIMENTO DE SISTEMAS \u2013 M\u00c9DIO INTEGRADO<\/a><\/strong><\/p>\n\n\n\n<p><strong><a href=\"http:\/\/ceepcuritiba.com.br\/novo\/wp-content\/uploads\/2024\/12\/2a_CHAMADA_2025_EDIFICACOES_INT.pdf\">EDIFICA\u00c7\u00d5ES \u2013 M\u00c9DIO INTEGRADO<\/a><\/strong><\/p>\n\n\n\n<p><strong><a href=\"http:\/\/ceepcuritiba.com.br\/novo\/wp-content\/uploads\/2024\/12\/2a_CHAMADA_2025_ELETRO_INT.pdf\">ELETROMEC\u00c2NICA \u2013 M\u00c9DIO INTEGRADO<\/a><\/strong><\/p>\n\n\n\n<p><strong><a href=\"http:\/\/ceepcuritiba.com.br\/novo\/wp-content\/uploads\/2024\/12\/2a_CHAMADA_2025_ELETRO_SUB.pdf\">ELETROMEC\u00c2NICA \u2013 SUBSEQUENTE<\/a><\/strong><\/p>\n\n\n\n<p><strong><a href=\"http:\/\/ceepcuritiba.com.br\/novo\/wp-content\/uploads\/2024\/12\/2a_CHAMADA_2025_ELETRONICA_INT.pdf\">ELETR\u00d4NICA \u2013 M\u00c9DIO INTEGRADO<\/a><\/strong><\/p>\n\n\n\n<p><strong><a href=\"http:\/\/ceepcuritiba.com.br\/novo\/wp-content\/uploads\/2024\/12\/2a_CHAMADA_2025_FARMACIA_INT.pdf\">FARM\u00c1CIA \u2013 M\u00c9DIO INTEGRADO<\/a><\/strong><\/p>\n\n\n\n<p><strong><a href=\"http:\/\/ceepcuritiba.com.br\/novo\/wp-content\/uploads\/2024\/12\/2a_CHAMADA_2025_MANU_AUT_INT.pdf\">MANUTEN\u00c7\u00c3O AUTOMOTIVA \u2013 M\u00c9DIO INTEGRADO<\/a><\/strong><\/p>\n\n\n\n<p><strong><a href=\"http:\/\/ceepcuritiba.com.br\/novo\/wp-content\/uploads\/2024\/12\/2a_CHAMADA_2025_MECANICA_INT.pdf\">MEC\u00c2NICA \u2013 M\u00c9DIO INTEGRADO<\/a><\/strong><\/p>\n\n\n\n<p><strong><a href=\"http:\/\/ceepcuritiba.com.br\/novo\/wp-content\/uploads\/2024\/12\/2a_CHAMADA_2025_MEIO_AMB_INT.pdf\">MEIO AMBIENTE \u2013 M\u00c9DIO INTEGRADO<\/a><\/strong><\/p>\n\n\n\n<p><strong><a href=\"http:\/\/ceepcuritiba.com.br\/novo\/wp-content\/uploads\/2024\/12\/2a_CHAMADA_2025_PROG_JOGOS_INT-1.pdf\">PROGRAMA\u00c7\u00c3O DE JOGOS DIGITAIS \u2013 M\u00c9DIO INTEGRADO<\/a><\/strong><\/p>\n\n\n\n<p><strong><a href=\"http:\/\/ceepcuritiba.com.br\/novo\/wp-content\/uploads\/2024\/12\/2a_CHAMADA_2025_QUIMICA_INT.pdf\">QU\u00cdMICA \u2013 M\u00c9DIO INTEGRADO<\/a><\/strong><\/p>\n\n\n\n<p><strong><a href=\"http:\/\/ceepcuritiba.com.br\/novo\/wp-content\/uploads\/2024\/12\/2a_CHAMADA_2025_QUIMICA_SUB.pdf\">QU\u00cdMICA \u2013 SUBSEQUENTE<\/a><\/strong><\/p>\n","protected":false},"excerpt":{"rendered":"<p>CONFIRMA\u00c7\u00c3O DOS DADOS DECLARADOS NA INSCRI\u00c7\u00c3O PARA OS CLASSIFICADOS NA 2\u00aa CHAMADA E CHAMADOS DA LISTA DE ESPERA Classificados na 2\u00aa Chamada do Processo Classificat\u00f3rio \u2013 2025 e chamados da Lista de Espera dever\u00e3o comparecer PRESENCIALMENTE na Secretaria do CEEP Curitiba, caso n\u00e3o compare\u00e7am estar\u00e3o abdicando da vaga no CEEP Curitiba. Hor\u00e1rio de atendimento: 8h [&hellip;]<\/p>\n","protected":false},"author":2,"featured_media":0,"parent":0,"menu_order":0,"comment_status":"closed","ping_status":"closed","template":"","meta":{"footnotes":""},"class_list":["post-395","page","type-page","status-publish","hentry"],"_links":{"self":[{"href":"http:\/\/ceepcuritiba.com.br\/novo\/index.php?rest_route=\/wp\/v2\/pages\/395"}],"collection":[{"href":"http:\/\/ceepcuritiba.com.br\/novo\/index.php?rest_route=\/wp\/v2\/pages"}],"about":[{"href":"http:\/\/ceepcuritiba.com.br\/novo\/index.php?rest_route=\/wp\/v2\/types\/page"}],"author":[{"embeddable":true,"href":"http:\/\/ceepcuritiba.com.br\/novo\/index.php?rest_route=\/wp\/v2\/users\/2"}],"replies":[{"embeddable":true,"href":"http:\/\/ceepcuritiba.com.br\/novo\/index.php?rest_route=%2Fwp%2Fv2%2Fcomments&post=395"}],"version-history":[{"count":3,"href":"http:\/\/ceepcuritiba.com.br\/novo\/index.php?rest_route=\/wp\/v2\/pages\/395\/revisions"}],"predecessor-version":[{"id":401,"href":"http:\/\/ceepcuritiba.com.br\/novo\/index.php?rest_route=\/wp\/v2\/pages\/395\/revisions\/401"}],"wp:attachment":[{"href":"http:\/\/ceepcuritiba.com.br\/novo\/index.php?rest_route=%2Fwp%2Fv2%2Fmedia&parent=395"}],"curies":[{"name":"wp","href":"https:\/\/api.w.org\/{rel}","templated":true}]}}