{"id":19,"date":"2024-10-04T18:45:46","date_gmt":"2024-10-04T21:45:46","guid":{"rendered":"http:\/\/ceepcuritiba.com.br\/novo\/?page_id=19"},"modified":"2024-10-17T19:55:14","modified_gmt":"2024-10-17T22:55:14","slug":"estagio","status":"publish","type":"page","link":"http:\/\/ceepcuritiba.com.br\/novo\/?page_id=19","title":{"rendered":"Est\u00e1gio"},"content":{"rendered":"\n<h2 class=\"wp-block-heading\"><strong><a href=\"https:\/\/sites.google.com\/site\/estagioceepcuritiba\/\">Endere\u00e7o com informa\u00e7\u00f5es sobre o est\u00e1gio<\/a><\/strong><\/h2>\n\n\n\n<p><\/p>\n","protected":false},"excerpt":{"rendered":"<p>Endere\u00e7o com informa\u00e7\u00f5es sobre o est\u00e1gio<\/p>\n","protected":false},"author":1,"featured_media":0,"parent":0,"menu_order":0,"comment_status":"closed","ping_status":"closed","template":"","meta":{"footnotes":""},"class_list":["post-19","page","type-page","status-publish","hentry"],"_links":{"self":[{"href":"http:\/\/ceepcuritiba.com.br\/novo\/index.php?rest_route=\/wp\/v2\/pages\/19"}],"collection":[{"href":"http:\/\/ceepcuritiba.com.br\/novo\/index.php?rest_route=\/wp\/v2\/pages"}],"about":[{"href":"http:\/\/ceepcuritiba.com.br\/novo\/index.php?rest_route=\/wp\/v2\/types\/page"}],"author":[{"embeddable":true,"href":"http:\/\/ceepcuritiba.com.br\/novo\/index.php?rest_route=\/wp\/v2\/users\/1"}],"replies":[{"embeddable":true,"href":"http:\/\/ceepcuritiba.com.br\/novo\/index.php?rest_route=%2Fwp%2Fv2%2Fcomments&post=19"}],"version-history":[{"count":2,"href":"http:\/\/ceepcuritiba.com.br\/novo\/index.php?rest_route=\/wp\/v2\/pages\/19\/revisions"}],"predecessor-version":[{"id":222,"href":"http:\/\/ceepcuritiba.com.br\/novo\/index.php?rest_route=\/wp\/v2\/pages\/19\/revisions\/222"}],"wp:attachment":[{"href":"http:\/\/ceepcuritiba.com.br\/novo\/index.php?rest_route=%2Fwp%2Fv2%2Fmedia&parent=19"}],"curies":[{"name":"wp","href":"https:\/\/api.w.org\/{rel}","templated":true}]}}