{"id":17,"date":"2024-10-04T18:44:45","date_gmt":"2024-10-04T21:44:45","guid":{"rendered":"http:\/\/ceepcuritiba.com.br\/novo\/?page_id=17"},"modified":"2024-10-07T21:35:38","modified_gmt":"2024-10-08T00:35:38","slug":"cursos","status":"publish","type":"page","link":"http:\/\/ceepcuritiba.com.br\/novo\/?page_id=17","title":{"rendered":"Cursos"},"content":{"rendered":"\n<h2 class=\"wp-block-heading\"><strong>Cat\u00e1logo de Cursos<\/strong><\/h2>\n\n\n\n<p><\/p>\n\n\n\n<p><\/p>\n\n\n\n<div class=\"wp-block-group\"><div class=\"wp-block-group__inner-container is-layout-constrained wp-block-group-is-layout-constrained\">\n<figure class=\"wp-block-table is-style-regular\"><table class=\"has-fixed-layout\"><tbody><tr><td class=\"has-text-align-center\" data-align=\"center\"><a href=\"http:\/\/ceepcuritiba.com.br\/novo\/?page_id=54\" data-type=\"page\" data-id=\"54\"><img loading=\"lazy\" decoding=\"async\" width=\"500\" height=\"240\" class=\"wp-image-36\" style=\"width: 500px;\" src=\"http:\/\/ceepcuritiba.com.br\/novo\/wp-content\/uploads\/2024\/10\/biotecnologia.jpg\" alt=\"\" srcset=\"http:\/\/ceepcuritiba.com.br\/novo\/wp-content\/uploads\/2024\/10\/biotecnologia.jpg 1440w, http:\/\/ceepcuritiba.com.br\/novo\/wp-content\/uploads\/2024\/10\/biotecnologia-300x144.jpg 300w, http:\/\/ceepcuritiba.com.br\/novo\/wp-content\/uploads\/2024\/10\/biotecnologia-1024x491.jpg 1024w, http:\/\/ceepcuritiba.com.br\/novo\/wp-content\/uploads\/2024\/10\/biotecnologia-768x368.jpg 768w\" sizes=\"(max-width: 500px) 100vw, 500px\" \/><\/a><\/td><td class=\"has-text-align-center\" data-align=\"center\"><strong><a href=\"http:\/\/ceepcuritiba.com.br\/novo\/?page_id=54\" data-type=\"page\" data-id=\"54\">CURSO T\u00c9CNICO EM BIOTECNOLOGIA<\/a><\/strong><\/td><\/tr><tr><td class=\"has-text-align-center\" data-align=\"center\"><strong><a href=\"http:\/\/ceepcuritiba.com.br\/novo\/?page_id=57\" data-type=\"page\" data-id=\"57\">CURSO T\u00c9CNICO EM DESENVOLVIMENTO DE SISTEMAS<\/a><\/strong><\/td><td class=\"has-text-align-center\" data-align=\"center\"><a href=\"http:\/\/ceepcuritiba.com.br\/novo\/?page_id=57\" data-type=\"page\" data-id=\"57\"><img loading=\"lazy\" decoding=\"async\" width=\"500\" height=\"240\" class=\"wp-image-37\" style=\"width: 500px;\" src=\"http:\/\/ceepcuritiba.com.br\/novo\/wp-content\/uploads\/2024\/10\/desenvolvimento_de_sistemas.jpg\" alt=\"\" srcset=\"http:\/\/ceepcuritiba.com.br\/novo\/wp-content\/uploads\/2024\/10\/desenvolvimento_de_sistemas.jpg 1440w, http:\/\/ceepcuritiba.com.br\/novo\/wp-content\/uploads\/2024\/10\/desenvolvimento_de_sistemas-300x144.jpg 300w, http:\/\/ceepcuritiba.com.br\/novo\/wp-content\/uploads\/2024\/10\/desenvolvimento_de_sistemas-1024x491.jpg 1024w, http:\/\/ceepcuritiba.com.br\/novo\/wp-content\/uploads\/2024\/10\/desenvolvimento_de_sistemas-768x368.jpg 768w\" sizes=\"(max-width: 500px) 100vw, 500px\" \/><\/a><\/td><\/tr><tr><td class=\"has-text-align-center\" data-align=\"center\"><img loading=\"lazy\" decoding=\"async\" width=\"500\" height=\"240\" class=\"wp-image-38\" style=\"width: 500px;\" src=\"http:\/\/ceepcuritiba.com.br\/novo\/wp-content\/uploads\/2024\/10\/edificacoes.jpg\" alt=\"\" srcset=\"http:\/\/ceepcuritiba.com.br\/novo\/wp-content\/uploads\/2024\/10\/edificacoes.jpg 1440w, http:\/\/ceepcuritiba.com.br\/novo\/wp-content\/uploads\/2024\/10\/edificacoes-300x144.jpg 300w, http:\/\/ceepcuritiba.com.br\/novo\/wp-content\/uploads\/2024\/10\/edificacoes-1024x491.jpg 1024w, http:\/\/ceepcuritiba.com.br\/novo\/wp-content\/uploads\/2024\/10\/edificacoes-768x368.jpg 768w\" sizes=\"(max-width: 500px) 100vw, 500px\" \/><\/td><td class=\"has-text-align-center\" data-align=\"center\"><strong><a href=\"http:\/\/ceepcuritiba.com.br\/novo\/?page_id=65\" data-type=\"page\" data-id=\"65\">CURSO T\u00c9CNICO EM EDIFICA\u00c7\u00d5ES<\/a><\/strong><\/td><\/tr><tr><td class=\"has-text-align-center\" data-align=\"center\"><strong><a href=\"http:\/\/ceepcuritiba.com.br\/novo\/?page_id=70\" data-type=\"page\" data-id=\"70\">CURSO T\u00c9CNICO EM ELETROMEC\u00c2NICA<\/a><\/strong><\/td><td class=\"has-text-align-center\" data-align=\"center\"><img loading=\"lazy\" decoding=\"async\" width=\"500\" height=\"240\" class=\"wp-image-39\" style=\"width: 500px;\" src=\"http:\/\/ceepcuritiba.com.br\/novo\/wp-content\/uploads\/2024\/10\/eletromecanica.jpg\" alt=\"\" srcset=\"http:\/\/ceepcuritiba.com.br\/novo\/wp-content\/uploads\/2024\/10\/eletromecanica.jpg 1440w, http:\/\/ceepcuritiba.com.br\/novo\/wp-content\/uploads\/2024\/10\/eletromecanica-300x144.jpg 300w, http:\/\/ceepcuritiba.com.br\/novo\/wp-content\/uploads\/2024\/10\/eletromecanica-1024x491.jpg 1024w, http:\/\/ceepcuritiba.com.br\/novo\/wp-content\/uploads\/2024\/10\/eletromecanica-768x368.jpg 768w\" sizes=\"(max-width: 500px) 100vw, 500px\" \/><\/td><\/tr><tr><td class=\"has-text-align-center\" data-align=\"center\"><img loading=\"lazy\" decoding=\"async\" width=\"500\" height=\"240\" class=\"wp-image-40\" style=\"width: 500px;\" src=\"http:\/\/ceepcuritiba.com.br\/novo\/wp-content\/uploads\/2024\/10\/eletronica.jpg\" alt=\"\" srcset=\"http:\/\/ceepcuritiba.com.br\/novo\/wp-content\/uploads\/2024\/10\/eletronica.jpg 1440w, http:\/\/ceepcuritiba.com.br\/novo\/wp-content\/uploads\/2024\/10\/eletronica-300x144.jpg 300w, http:\/\/ceepcuritiba.com.br\/novo\/wp-content\/uploads\/2024\/10\/eletronica-1024x491.jpg 1024w, http:\/\/ceepcuritiba.com.br\/novo\/wp-content\/uploads\/2024\/10\/eletronica-768x368.jpg 768w\" sizes=\"(max-width: 500px) 100vw, 500px\" \/><\/td><td class=\"has-text-align-center\" data-align=\"center\"><strong><a href=\"http:\/\/ceepcuritiba.com.br\/novo\/?page_id=76\" data-type=\"page\" data-id=\"76\">CURSO T\u00c9CNICO EM ELETR\u00d4NICA<\/a><\/strong><\/td><\/tr><tr><td class=\"has-text-align-center\" data-align=\"center\"><strong><a href=\"http:\/\/ceepcuritiba.com.br\/novo\/?page_id=79\" data-type=\"page\" data-id=\"79\">CURSO T\u00c9CNICO EM FARM\u00c1CIA<\/a><\/strong><\/td><td class=\"has-text-align-center\" data-align=\"center\"><img loading=\"lazy\" decoding=\"async\" width=\"500\" height=\"240\" class=\"wp-image-41\" style=\"width: 500px;\" src=\"http:\/\/ceepcuritiba.com.br\/novo\/wp-content\/uploads\/2024\/10\/farmacia.jpg\" alt=\"\" srcset=\"http:\/\/ceepcuritiba.com.br\/novo\/wp-content\/uploads\/2024\/10\/farmacia.jpg 1440w, http:\/\/ceepcuritiba.com.br\/novo\/wp-content\/uploads\/2024\/10\/farmacia-300x144.jpg 300w, http:\/\/ceepcuritiba.com.br\/novo\/wp-content\/uploads\/2024\/10\/farmacia-1024x491.jpg 1024w, http:\/\/ceepcuritiba.com.br\/novo\/wp-content\/uploads\/2024\/10\/farmacia-768x368.jpg 768w\" sizes=\"(max-width: 500px) 100vw, 500px\" \/><\/td><\/tr><tr><td class=\"has-text-align-center\" data-align=\"center\"><img loading=\"lazy\" decoding=\"async\" width=\"500\" height=\"240\" class=\"wp-image-42\" style=\"width: 500px;\" src=\"http:\/\/ceepcuritiba.com.br\/novo\/wp-content\/uploads\/2024\/10\/manutencao_automotiva.jpg\" alt=\"\" srcset=\"http:\/\/ceepcuritiba.com.br\/novo\/wp-content\/uploads\/2024\/10\/manutencao_automotiva.jpg 1440w, http:\/\/ceepcuritiba.com.br\/novo\/wp-content\/uploads\/2024\/10\/manutencao_automotiva-300x144.jpg 300w, http:\/\/ceepcuritiba.com.br\/novo\/wp-content\/uploads\/2024\/10\/manutencao_automotiva-1024x491.jpg 1024w, http:\/\/ceepcuritiba.com.br\/novo\/wp-content\/uploads\/2024\/10\/manutencao_automotiva-768x368.jpg 768w\" sizes=\"(max-width: 500px) 100vw, 500px\" \/><\/td><td class=\"has-text-align-center\" data-align=\"center\"><strong><a href=\"http:\/\/ceepcuritiba.com.br\/novo\/?page_id=82\" data-type=\"page\" data-id=\"82\">CURSO T\u00c9CNICO EM MANUTEN\u00c7\u00c3O AUTOMOTIVA<\/a><\/strong><\/td><\/tr><tr><td class=\"has-text-align-center\" data-align=\"center\"><strong><a href=\"http:\/\/ceepcuritiba.com.br\/novo\/?page_id=85\" data-type=\"page\" data-id=\"85\">CURSO T\u00c9CNICO EM MEC\u00c2NICA<\/a><\/strong><\/td><td class=\"has-text-align-center\" data-align=\"center\"><img loading=\"lazy\" decoding=\"async\" width=\"500\" height=\"240\" class=\"wp-image-43\" style=\"width: 500px;\" src=\"http:\/\/ceepcuritiba.com.br\/novo\/wp-content\/uploads\/2024\/10\/mecanica.jpg\" alt=\"\" srcset=\"http:\/\/ceepcuritiba.com.br\/novo\/wp-content\/uploads\/2024\/10\/mecanica.jpg 1440w, http:\/\/ceepcuritiba.com.br\/novo\/wp-content\/uploads\/2024\/10\/mecanica-300x144.jpg 300w, http:\/\/ceepcuritiba.com.br\/novo\/wp-content\/uploads\/2024\/10\/mecanica-1024x491.jpg 1024w, http:\/\/ceepcuritiba.com.br\/novo\/wp-content\/uploads\/2024\/10\/mecanica-768x368.jpg 768w\" sizes=\"(max-width: 500px) 100vw, 500px\" \/><\/td><\/tr><tr><td class=\"has-text-align-center\" data-align=\"center\"><img loading=\"lazy\" decoding=\"async\" width=\"500\" height=\"240\" class=\"wp-image-44\" style=\"width: 500px;\" src=\"http:\/\/ceepcuritiba.com.br\/novo\/wp-content\/uploads\/2024\/10\/meio_ambiente.jpg\" alt=\"\" srcset=\"http:\/\/ceepcuritiba.com.br\/novo\/wp-content\/uploads\/2024\/10\/meio_ambiente.jpg 1440w, http:\/\/ceepcuritiba.com.br\/novo\/wp-content\/uploads\/2024\/10\/meio_ambiente-300x144.jpg 300w, http:\/\/ceepcuritiba.com.br\/novo\/wp-content\/uploads\/2024\/10\/meio_ambiente-1024x491.jpg 1024w, http:\/\/ceepcuritiba.com.br\/novo\/wp-content\/uploads\/2024\/10\/meio_ambiente-768x368.jpg 768w\" sizes=\"(max-width: 500px) 100vw, 500px\" \/><\/td><td class=\"has-text-align-center\" data-align=\"center\"><strong><a href=\"http:\/\/ceepcuritiba.com.br\/novo\/?page_id=88\" data-type=\"page\" data-id=\"88\">CURSO T\u00c9CNICO EM MEIO AMBIENTE<\/a><\/strong><\/td><\/tr><tr><td class=\"has-text-align-center\" data-align=\"center\"><strong><a href=\"http:\/\/ceepcuritiba.com.br\/novo\/?page_id=91\" data-type=\"page\" data-id=\"91\">CURSO T\u00c9CNICO EM PROGRAMA\u00c7\u00c3O DE JOGOS DIGITAIS<\/a><\/strong><\/td><td class=\"has-text-align-center\" data-align=\"center\"><img loading=\"lazy\" decoding=\"async\" width=\"500\" height=\"240\" class=\"wp-image-45\" style=\"width: 500px;\" src=\"http:\/\/ceepcuritiba.com.br\/novo\/wp-content\/uploads\/2024\/10\/programacao_de_jogos_digitais.jpg\" alt=\"\" srcset=\"http:\/\/ceepcuritiba.com.br\/novo\/wp-content\/uploads\/2024\/10\/programacao_de_jogos_digitais.jpg 1440w, http:\/\/ceepcuritiba.com.br\/novo\/wp-content\/uploads\/2024\/10\/programacao_de_jogos_digitais-300x144.jpg 300w, http:\/\/ceepcuritiba.com.br\/novo\/wp-content\/uploads\/2024\/10\/programacao_de_jogos_digitais-1024x491.jpg 1024w, http:\/\/ceepcuritiba.com.br\/novo\/wp-content\/uploads\/2024\/10\/programacao_de_jogos_digitais-768x368.jpg 768w\" sizes=\"(max-width: 500px) 100vw, 500px\" \/><\/td><\/tr><tr><td class=\"has-text-align-center\" data-align=\"center\"><img loading=\"lazy\" decoding=\"async\" width=\"500\" height=\"240\" class=\"wp-image-46\" style=\"width: 500px;\" src=\"http:\/\/ceepcuritiba.com.br\/novo\/wp-content\/uploads\/2024\/10\/quimica.jpg\" alt=\"\" srcset=\"http:\/\/ceepcuritiba.com.br\/novo\/wp-content\/uploads\/2024\/10\/quimica.jpg 1440w, http:\/\/ceepcuritiba.com.br\/novo\/wp-content\/uploads\/2024\/10\/quimica-300x144.jpg 300w, http:\/\/ceepcuritiba.com.br\/novo\/wp-content\/uploads\/2024\/10\/quimica-1024x491.jpg 1024w, http:\/\/ceepcuritiba.com.br\/novo\/wp-content\/uploads\/2024\/10\/quimica-768x368.jpg 768w\" sizes=\"(max-width: 500px) 100vw, 500px\" \/><\/td><td class=\"has-text-align-center\" data-align=\"center\"><strong><a href=\"http:\/\/ceepcuritiba.com.br\/novo\/?page_id=94\" data-type=\"page\" data-id=\"94\">CURSO T\u00c9CNICO EM QU\u00cdMICA<\/a><\/strong><\/td><\/tr><\/tbody><\/table><\/figure>\n<\/div><\/div>\n","protected":false},"excerpt":{"rendered":"<p>Cat\u00e1logo de Cursos CURSO T\u00c9CNICO EM BIOTECNOLOGIA CURSO T\u00c9CNICO EM DESENVOLVIMENTO DE SISTEMAS CURSO T\u00c9CNICO EM EDIFICA\u00c7\u00d5ES CURSO T\u00c9CNICO EM ELETROMEC\u00c2NICA CURSO T\u00c9CNICO EM ELETR\u00d4NICA CURSO T\u00c9CNICO EM FARM\u00c1CIA CURSO T\u00c9CNICO EM MANUTEN\u00c7\u00c3O AUTOMOTIVA CURSO T\u00c9CNICO EM MEC\u00c2NICA CURSO T\u00c9CNICO EM MEIO AMBIENTE CURSO T\u00c9CNICO EM PROGRAMA\u00c7\u00c3O DE JOGOS DIGITAIS CURSO T\u00c9CNICO EM QU\u00cdMICA<\/p>\n","protected":false},"author":1,"featured_media":0,"parent":0,"menu_order":0,"comment_status":"closed","ping_status":"closed","template":"","meta":{"footnotes":""},"class_list":["post-17","page","type-page","status-publish","hentry"],"_links":{"self":[{"href":"http:\/\/ceepcuritiba.com.br\/novo\/index.php?rest_route=\/wp\/v2\/pages\/17"}],"collection":[{"href":"http:\/\/ceepcuritiba.com.br\/novo\/index.php?rest_route=\/wp\/v2\/pages"}],"about":[{"href":"http:\/\/ceepcuritiba.com.br\/novo\/index.php?rest_route=\/wp\/v2\/types\/page"}],"author":[{"embeddable":true,"href":"http:\/\/ceepcuritiba.com.br\/novo\/index.php?rest_route=\/wp\/v2\/users\/1"}],"replies":[{"embeddable":true,"href":"http:\/\/ceepcuritiba.com.br\/novo\/index.php?rest_route=%2Fwp%2Fv2%2Fcomments&post=17"}],"version-history":[{"count":16,"href":"http:\/\/ceepcuritiba.com.br\/novo\/index.php?rest_route=\/wp\/v2\/pages\/17\/revisions"}],"predecessor-version":[{"id":96,"href":"http:\/\/ceepcuritiba.com.br\/novo\/index.php?rest_route=\/wp\/v2\/pages\/17\/revisions\/96"}],"wp:attachment":[{"href":"http:\/\/ceepcuritiba.com.br\/novo\/index.php?rest_route=%2Fwp%2Fv2%2Fmedia&parent=17"}],"curies":[{"name":"wp","href":"https:\/\/api.w.org\/{rel}","templated":true}]}}